{"id":4677,"date":"2024-12-10T18:35:27","date_gmt":"2024-12-10T18:35:27","guid":{"rendered":"https:\/\/www.atilimraf.com\/?page_id=4677"},"modified":"2025-12-15T09:40:34","modified_gmt":"2025-12-15T09:40:34","slug":"sertifikalar","status":"publish","type":"page","link":"https:\/\/www.atilimraf.com\/en\/sertifikalar\/","title":{"rendered":"Certificates"},"content":{"rendered":"<div id=\"text-1282173643\" class=\"text\">\n\t\t\n\n<blockquote><p><strong>SERT\u0130F\u0130KALAR<\/strong><\/p><\/blockquote>\n\t\t\n<style>\n#text-1282173643 {\n  color: #ec6607;\n}\n#text-1282173643 > * {\n  color: #ec6607;\n}\n<\/style>\n\t<\/div>\n\t\n\t<section class=\"section dark\" id=\"section_762758995\">\n\t\t<div class=\"bg section-bg fill bg-fill  bg-loaded\" >\n\n\t\t\t\n\t\t\t\n\t\t\t\n\n\t\t<\/div>\n\n\t\t\n\n\t\t<div class=\"section-content relative\">\n\t\t\t\n\n<div class=\"row row-large row-full-width row-dashed\"  id=\"row-1014190507\">\n\n\n\t<div id=\"col-1935925170\" class=\"col medium-6 small-12 large-6 col-divided\"  >\n\t\t\t\t<div class=\"col-inner\"  >\n\t\t\t\n\t<div class=\"is-border\"\n\t\tstyle=\"border-width:0px 0px 0px 0px;\">\n\t<\/div>\n\t\t\t\n\n\t<div class=\"img has-hover x md-x lg-x y md-y lg-y\" id=\"image_1357312308\">\n\t\t\t\t\t\t\t\t<div class=\"img-inner box-shadow-3-hover dark\" style=\"margin:22px 0px 0px 20px;\">\n\t\t\t<img loading=\"lazy\" decoding=\"async\" width=\"1020\" height=\"741\" src=\"https:\/\/www.atilimraf.com\/wp-content\/uploads\/2024\/12\/atilim-raf-ticaret-odasi-sertifaka-1101x800.webp\" class=\"attachment-large size-large\" alt=\"\" srcset=\"https:\/\/www.atilimraf.com\/wp-content\/uploads\/2024\/12\/atilim-raf-ticaret-odasi-sertifaka-1101x800.webp 1101w, https:\/\/www.atilimraf.com\/wp-content\/uploads\/2024\/12\/atilim-raf-ticaret-odasi-sertifaka-550x400.webp 550w, https:\/\/www.atilimraf.com\/wp-content\/uploads\/2024\/12\/atilim-raf-ticaret-odasi-sertifaka-768x558.webp 768w, https:\/\/www.atilimraf.com\/wp-content\/uploads\/2024\/12\/atilim-raf-ticaret-odasi-sertifaka-1536x1117.webp 1536w, https:\/\/www.atilimraf.com\/wp-content\/uploads\/2024\/12\/atilim-raf-ticaret-odasi-sertifaka-18x12.webp 18w, https:\/\/www.atilimraf.com\/wp-content\/uploads\/2024\/12\/atilim-raf-ticaret-odasi-sertifaka-510x371.webp 510w, https:\/\/www.atilimraf.com\/wp-content\/uploads\/2024\/12\/atilim-raf-ticaret-odasi-sertifaka.webp 1754w\" sizes=\"auto, (max-width: 1020px) 100vw, 1020px\" \/>\t\t\t\t\t\t\n\t\t\t\t\t<\/div>\n\t\t\t\t\t\t\t\t\n<style>\n#image_1357312308 {\n  width: 100%;\n}\n<\/style>\n\t<\/div>\n\t\n\n\n\t\t<\/div>\n\t\t\t\t\n<style>\n#col-1935925170 > .col-inner {\n  padding: 0px 0px 0px 0px;\n}\n<\/style>\n\t<\/div>\n\n\t\n\n\t<div id=\"col-1054139626\" class=\"col medium-6 small-12 large-6 col-divided\"  >\n\t\t\t\t<div class=\"col-inner\"  >\n\t\t\t\n\t<div class=\"is-border\"\n\t\tstyle=\"border-width:0px 0px 0px 0px;\">\n\t<\/div>\n\t\t\t\n\n\t<div class=\"img has-hover x md-x lg-x y md-y lg-y\" id=\"image_1134578573\">\n\t\t\t\t\t\t\t\t<div class=\"img-inner box-shadow-3-hover dark\" style=\"margin:22px 0px 0px 20px;\">\n\t\t\t<img loading=\"lazy\" decoding=\"async\" width=\"690\" height=\"491\" src=\"https:\/\/www.atilimraf.com\/wp-content\/uploads\/2025\/12\/ATILIM-RAF-IHRACATCILAR-BIRLIGI.webp\" class=\"attachment-large size-large\" alt=\"\" srcset=\"https:\/\/www.atilimraf.com\/wp-content\/uploads\/2025\/12\/ATILIM-RAF-IHRACATCILAR-BIRLIGI.webp 690w, https:\/\/www.atilimraf.com\/wp-content\/uploads\/2025\/12\/ATILIM-RAF-IHRACATCILAR-BIRLIGI-562x400.webp 562w, https:\/\/www.atilimraf.com\/wp-content\/uploads\/2025\/12\/ATILIM-RAF-IHRACATCILAR-BIRLIGI-18x12.webp 18w, https:\/\/www.atilimraf.com\/wp-content\/uploads\/2025\/12\/ATILIM-RAF-IHRACATCILAR-BIRLIGI-510x363.webp 510w\" sizes=\"auto, (max-width: 690px) 100vw, 690px\" \/>\t\t\t\t\t\t\n\t\t\t\t\t<\/div>\n\t\t\t\t\t\t\t\t\n<style>\n#image_1134578573 {\n  width: 100%;\n}\n<\/style>\n\t<\/div>\n\t\n\n\n\t\t<\/div>\n\t\t\t\t\n<style>\n#col-1054139626 > .col-inner {\n  padding: 0px 0px 0px 0px;\n}\n<\/style>\n\t<\/div>\n\n\t\n\n\t<div id=\"col-162427132\" class=\"col medium-6 small-12 large-6 col-divided\"  >\n\t\t\t\t<div class=\"col-inner\"  >\n\t\t\t\n\t<div class=\"is-border\"\n\t\tstyle=\"border-width:0px 0px 0px 0px;\">\n\t<\/div>\n\t\t\t\n\n\t<div class=\"img has-hover x md-x lg-x y md-y lg-y\" id=\"image_1424414533\">\n\t\t\t\t\t\t\t\t<div class=\"img-inner box-shadow-3-hover dark\" style=\"margin:10px 0px 10px 10px;\">\n\t\t\t<img loading=\"lazy\" decoding=\"async\" width=\"565\" height=\"800\" src=\"https:\/\/www.atilimraf.com\/wp-content\/uploads\/2024\/12\/atilim-raf-sistemleri-marka-tescil-565x800.png\" class=\"attachment-large size-large\" alt=\"\" srcset=\"https:\/\/www.atilimraf.com\/wp-content\/uploads\/2024\/12\/atilim-raf-sistemleri-marka-tescil-565x800.png 565w, https:\/\/www.atilimraf.com\/wp-content\/uploads\/2024\/12\/atilim-raf-sistemleri-marka-tescil-283x400.png 283w, https:\/\/www.atilimraf.com\/wp-content\/uploads\/2024\/12\/atilim-raf-sistemleri-marka-tescil-768x1087.png 768w, https:\/\/www.atilimraf.com\/wp-content\/uploads\/2024\/12\/atilim-raf-sistemleri-marka-tescil-1085x1536.png 1085w, https:\/\/www.atilimraf.com\/wp-content\/uploads\/2024\/12\/atilim-raf-sistemleri-marka-tescil-8x12.png 8w, https:\/\/www.atilimraf.com\/wp-content\/uploads\/2024\/12\/atilim-raf-sistemleri-marka-tescil-510x722.png 510w, https:\/\/www.atilimraf.com\/wp-content\/uploads\/2024\/12\/atilim-raf-sistemleri-marka-tescil.png 1239w\" sizes=\"auto, (max-width: 565px) 100vw, 565px\" \/>\t\t\t\t\t\t\n\t\t\t\t\t<\/div>\n\t\t\t\t\t\t\t\t\n<style>\n#image_1424414533 {\n  width: 100%;\n}\n<\/style>\n\t<\/div>\n\t\n\n\n\t\t<\/div>\n\t\t\t\t\n<style>\n#col-162427132 > .col-inner {\n  padding: 0px 0px 0px 0px;\n}\n<\/style>\n\t<\/div>\n\n\t\n\n<\/div>\n\n\t\t<\/div>\n\n\t\t\n<style>\n#section_762758995 {\n  padding-top: 40px;\n  padding-bottom: 40px;\n  margin-bottom: 0px;\n  min-height: 0px;\n  background-color: rgb(255,255,255);\n}\n#section_762758995 .ux-shape-divider--top svg {\n  height: 150px;\n  --divider-top-width: 100%;\n}\n#section_762758995 .ux-shape-divider--bottom svg {\n  height: 150px;\n  --divider-width: 100%;\n}\n@media (min-width:850px) {\n  #section_762758995 {\n    padding-top: 30px;\n    padding-bottom: 30px;\n  }\n}\n<\/style>\n\t<\/section>","protected":false},"excerpt":{"rendered":"","protected":false},"author":1,"featured_media":0,"parent":0,"menu_order":0,"comment_status":"closed","ping_status":"closed","template":"","meta":{"_joinchat":[],"footnotes":""},"class_list":["post-4677","page","type-page","status-publish","hentry"],"yoast_head":"<!-- This site is optimized with the Yoast SEO Premium plugin v20.9 (Yoast SEO v20.9) - https:\/\/yoast.com\/wordpress\/plugins\/seo\/ -->\n<title>Sertifikalar | Atilim Raf<\/title>\n<meta name=\"robots\" content=\"noindex, follow\" \/>\n<meta property=\"og:locale\" content=\"en_US\" \/>\n<meta property=\"og:type\" content=\"article\" \/>\n<meta property=\"og:title\" content=\"Sertifikalar\" \/>\n<meta property=\"og:url\" content=\"https:\/\/www.atilimraf.com\/en\/sertifikalar\/\" \/>\n<meta property=\"og:site_name\" content=\"Atilim Raf\" \/>\n<meta property=\"article:publisher\" content=\"https:\/\/www.facebook.com\/atilimrafsistemleri\" \/>\n<meta property=\"article:modified_time\" content=\"2025-12-15T09:40:34+00:00\" \/>\n<meta property=\"og:image\" content=\"https:\/\/www.atilimraf.com\/wp-content\/uploads\/2022\/10\/DEPO_RAFI_MAGAZA_EKIPMANL__6_-removebg-preview.png\" \/>\n\t<meta property=\"og:image:width\" content=\"500\" \/>\n\t<meta property=\"og:image:height\" content=\"150\" \/>\n\t<meta property=\"og:image:type\" content=\"image\/png\" \/>\n<meta name=\"twitter:card\" content=\"summary_large_image\" \/>\n<meta name=\"twitter:site\" content=\"@atilimraf\" \/>\n<meta name=\"twitter:label1\" content=\"Tahmini okuma s\u00fcresi\" \/>\n\t<meta name=\"twitter:data1\" content=\"1 minute\" \/>\n<script type=\"application\/ld+json\" class=\"yoast-schema-graph\">{\"@context\":\"https:\/\/schema.org\",\"@graph\":[{\"@type\":\"WebPage\",\"@id\":\"https:\/\/www.atilimraf.com\/sertifikalar\/\",\"url\":\"https:\/\/www.atilimraf.com\/sertifikalar\/\",\"name\":\"Sertifikalar | Atilim Raf\",\"isPartOf\":{\"@id\":\"https:\/\/www.atilimraf.com\/#website\"},\"datePublished\":\"2024-12-10T18:35:27+00:00\",\"dateModified\":\"2025-12-15T09:40:34+00:00\",\"breadcrumb\":{\"@id\":\"https:\/\/www.atilimraf.com\/sertifikalar\/#breadcrumb\"},\"inLanguage\":\"tr\",\"potentialAction\":[{\"@type\":\"ReadAction\",\"target\":[\"https:\/\/www.atilimraf.com\/sertifikalar\/\"]}]},{\"@type\":\"BreadcrumbList\",\"@id\":\"https:\/\/www.atilimraf.com\/sertifikalar\/#breadcrumb\",\"itemListElement\":[{\"@type\":\"ListItem\",\"position\":1,\"name\":\"Ana Sayfa\",\"item\":\"https:\/\/www.atilimraf.com\/\"},{\"@type\":\"ListItem\",\"position\":2,\"name\":\"Sertifikalar\"}]},{\"@type\":\"WebSite\",\"@id\":\"https:\/\/www.atilimraf.com\/#website\",\"url\":\"https:\/\/www.atilimraf.com\/\",\"name\":\"Atilim Raf\",\"description\":\"Ma\u011faza Ekipmanlar\u0131\",\"publisher\":{\"@id\":\"https:\/\/www.atilimraf.com\/#organization\"},\"potentialAction\":[{\"@type\":\"SearchAction\",\"target\":{\"@type\":\"EntryPoint\",\"urlTemplate\":\"https:\/\/www.atilimraf.com\/?s={search_term_string}\"},\"query-input\":\"required name=search_term_string\"}],\"inLanguage\":\"tr\"},{\"@type\":\"Organization\",\"@id\":\"https:\/\/www.atilimraf.com\/#organization\",\"name\":\"At\u0131l\u0131m Raf Sistemleri Sanayi ve Ticaret Limited \u015eirketi\",\"alternateName\":\"At\u0131l\u0131m Raf Sistemleri\",\"url\":\"https:\/\/www.atilimraf.com\/\",\"logo\":{\"@type\":\"ImageObject\",\"inLanguage\":\"tr\",\"@id\":\"https:\/\/www.atilimraf.com\/#\/schema\/logo\/image\/\",\"url\":\"https:\/\/www.atilimraf.com\/wp-content\/uploads\/2022\/10\/DEPO_RAFI_MAGAZA_EKIPMANL__6_-removebg-preview.png\",\"contentUrl\":\"https:\/\/www.atilimraf.com\/wp-content\/uploads\/2022\/10\/DEPO_RAFI_MAGAZA_EKIPMANL__6_-removebg-preview.png\",\"width\":500,\"height\":150,\"caption\":\"At\u0131l\u0131m Raf Sistemleri Sanayi ve Ticaret Limited \u015eirketi\"},\"image\":{\"@id\":\"https:\/\/www.atilimraf.com\/#\/schema\/logo\/image\/\"},\"sameAs\":[\"https:\/\/www.facebook.com\/atilimrafsistemleri\",\"https:\/\/twitter.com\/atilimraf\",\"https:\/\/www.instagram.com\/atilimraf\/\",\"https:\/\/www.linkedin.com\/in\/atilimraf\/\",\"https:\/\/www.youtube.com\/@atilimraf\",\"https:\/\/www.pinterest.es\/atilimraf\/\"]}]}<\/script>\n<!-- \/ Yoast SEO Premium plugin. -->","yoast_head_json":{"title":"Sertifikalar | Atilim Raf","robots":{"index":"noindex","follow":"follow"},"og_locale":"en_US","og_type":"article","og_title":"Sertifikalar","og_url":"https:\/\/www.atilimraf.com\/en\/sertifikalar\/","og_site_name":"Atilim Raf","article_publisher":"https:\/\/www.facebook.com\/atilimrafsistemleri","article_modified_time":"2025-12-15T09:40:34+00:00","og_image":[{"width":500,"height":150,"url":"https:\/\/www.atilimraf.com\/wp-content\/uploads\/2022\/10\/DEPO_RAFI_MAGAZA_EKIPMANL__6_-removebg-preview.png","type":"image\/png"}],"twitter_card":"summary_large_image","twitter_site":"@atilimraf","twitter_misc":{"Tahmini okuma s\u00fcresi":"1 minute"},"schema":{"@context":"https:\/\/schema.org","@graph":[{"@type":"WebPage","@id":"https:\/\/www.atilimraf.com\/sertifikalar\/","url":"https:\/\/www.atilimraf.com\/sertifikalar\/","name":"Sertifikalar | Atilim Raf","isPartOf":{"@id":"https:\/\/www.atilimraf.com\/#website"},"datePublished":"2024-12-10T18:35:27+00:00","dateModified":"2025-12-15T09:40:34+00:00","breadcrumb":{"@id":"https:\/\/www.atilimraf.com\/sertifikalar\/#breadcrumb"},"inLanguage":"tr","potentialAction":[{"@type":"ReadAction","target":["https:\/\/www.atilimraf.com\/sertifikalar\/"]}]},{"@type":"BreadcrumbList","@id":"https:\/\/www.atilimraf.com\/sertifikalar\/#breadcrumb","itemListElement":[{"@type":"ListItem","position":1,"name":"Ana Sayfa","item":"https:\/\/www.atilimraf.com\/"},{"@type":"ListItem","position":2,"name":"Sertifikalar"}]},{"@type":"WebSite","@id":"https:\/\/www.atilimraf.com\/#website","url":"https:\/\/www.atilimraf.com\/","name":"Atilim Raf","description":"Ma\u011faza Ekipmanlar\u0131","publisher":{"@id":"https:\/\/www.atilimraf.com\/#organization"},"potentialAction":[{"@type":"SearchAction","target":{"@type":"EntryPoint","urlTemplate":"https:\/\/www.atilimraf.com\/?s={search_term_string}"},"query-input":"required name=search_term_string"}],"inLanguage":"tr"},{"@type":"Organization","@id":"https:\/\/www.atilimraf.com\/#organization","name":"At\u0131l\u0131m Raf Sistemleri Sanayi ve Ticaret Limited \u015eirketi","alternateName":"At\u0131l\u0131m Raf Sistemleri","url":"https:\/\/www.atilimraf.com\/","logo":{"@type":"ImageObject","inLanguage":"tr","@id":"https:\/\/www.atilimraf.com\/#\/schema\/logo\/image\/","url":"https:\/\/www.atilimraf.com\/wp-content\/uploads\/2022\/10\/DEPO_RAFI_MAGAZA_EKIPMANL__6_-removebg-preview.png","contentUrl":"https:\/\/www.atilimraf.com\/wp-content\/uploads\/2022\/10\/DEPO_RAFI_MAGAZA_EKIPMANL__6_-removebg-preview.png","width":500,"height":150,"caption":"At\u0131l\u0131m Raf Sistemleri Sanayi ve Ticaret Limited \u015eirketi"},"image":{"@id":"https:\/\/www.atilimraf.com\/#\/schema\/logo\/image\/"},"sameAs":["https:\/\/www.facebook.com\/atilimrafsistemleri","https:\/\/twitter.com\/atilimraf","https:\/\/www.instagram.com\/atilimraf\/","https:\/\/www.linkedin.com\/in\/atilimraf\/","https:\/\/www.youtube.com\/@atilimraf","https:\/\/www.pinterest.es\/atilimraf\/"]}]}},"_links":{"self":[{"href":"https:\/\/www.atilimraf.com\/en\/wp-json\/wp\/v2\/pages\/4677","targetHints":{"allow":["GET"]}}],"collection":[{"href":"https:\/\/www.atilimraf.com\/en\/wp-json\/wp\/v2\/pages"}],"about":[{"href":"https:\/\/www.atilimraf.com\/en\/wp-json\/wp\/v2\/types\/page"}],"author":[{"embeddable":true,"href":"https:\/\/www.atilimraf.com\/en\/wp-json\/wp\/v2\/users\/1"}],"replies":[{"embeddable":true,"href":"https:\/\/www.atilimraf.com\/en\/wp-json\/wp\/v2\/comments?post=4677"}],"version-history":[{"count":10,"href":"https:\/\/www.atilimraf.com\/en\/wp-json\/wp\/v2\/pages\/4677\/revisions"}],"predecessor-version":[{"id":4838,"href":"https:\/\/www.atilimraf.com\/en\/wp-json\/wp\/v2\/pages\/4677\/revisions\/4838"}],"wp:attachment":[{"href":"https:\/\/www.atilimraf.com\/en\/wp-json\/wp\/v2\/media?parent=4677"}],"curies":[{"name":"wp","href":"https:\/\/api.w.org\/{rel}","templated":true}]}}