{"id":89,"date":"2022-12-23T13:21:10","date_gmt":"2022-12-23T13:21:10","guid":{"rendered":"http:\/\/localhost:8888\/test\/?page_id=532"},"modified":"2024-04-19T09:07:57","modified_gmt":"2024-04-19T09:07:57","slug":"iletisim","status":"publish","type":"page","link":"https:\/\/www.atilimraf.com\/en\/contact\/","title":{"rendered":"Contact"},"content":{"rendered":"<section class=\"section dark\" id=\"section_90654934\">\n\t\t<div class=\"bg section-bg fill bg-fill\" >\n\n\t\t\t\n\t\t\t<div class=\"section-bg-overlay absolute fill\"><\/div>\n\t\t\t\n\n\t\t<\/div>\n\n\t\t\n\n\t\t<div class=\"section-content relative\">\n\t\t\t\n\n<p>&nbsp;<\/p>\n<p>&nbsp;<\/p>\n<p>&nbsp;<\/p>\n\n\t\t<\/div>\n\n\t\t\n<style>\n#section_90654934 {\n  padding-top: 125px;\n  padding-bottom: 125px;\n  min-height: 0px;\n  background-color: rgb(254, 254, 254);\n}\n#section_90654934 .section-bg-overlay {\n  background-color: rgba(238, 238, 238, 0);\n}\n#section_90654934 .section-bg.bg-loaded {\n  background-image: url(https:\/\/www.atilimraf.com\/wp-content\/uploads\/2022\/10\/bej-minimal-sosyal-medya-linkedin-reklam-bandi-1.png);\n}\n#section_90654934 .section-bg {\n  background-position: 95% 53%;\n}\n#section_90654934 .ux-shape-divider--top svg {\n  height: 150px;\n  --divider-top-width: 100%;\n}\n#section_90654934 .ux-shape-divider--bottom svg {\n  height: 150px;\n  --divider-width: 100%;\n}\n<\/style>\n\t<\/section>\n\t\n\t<section class=\"section\" id=\"section_1106581947\">\n\t\t<div class=\"bg section-bg fill bg-fill  bg-loaded\" >\n\n\t\t\t\n\t\t\t\n\t\t\t\n\n\t\t<\/div>\n\n\t\t\n\n\t\t<div class=\"section-content relative\">\n\t\t\t\n\n<div class=\"row\"  id=\"row-1084219871\">\n\n\n\t<div id=\"col-345585446\" class=\"col small-12 large-12\"  >\n\t\t\t\t<div class=\"col-inner\"  >\n\t\t\t\n\t\t\t\n\n<div class=\"row align-equal\"  id=\"row-1610058620\">\n\n\n\t<div id=\"col-265455279\" class=\"col medium-4 small-12 large-4\"  >\n\t\t\t\t<div class=\"col-inner text-center box-shadow-4\"  >\n\t\t\t\n\t\t\t\n\n\n\t\t<div class=\"icon-box featured-box icon-box-center text-center\"  >\n\t\t\t\t\t<div class=\"icon-box-img\" style=\"width: 60px\">\n\t\t\t\t<div class=\"icon\">\n\t\t\t\t\t<div class=\"icon-inner\" style=\"color:rgba(255, 255, 255, 0);\">\n\t\t\t\t\t\t<img loading=\"lazy\" decoding=\"async\" width=\"174\" height=\"150\" src=\"https:\/\/www.atilimraf.com\/wp-content\/uploads\/2023\/08\/telefon-icon-atilim-raf.png\" class=\"attachment-medium size-medium\" alt=\"\" srcset=\"https:\/\/www.atilimraf.com\/wp-content\/uploads\/2023\/08\/telefon-icon-atilim-raf.png 174w, https:\/\/www.atilimraf.com\/wp-content\/uploads\/2023\/08\/telefon-icon-atilim-raf-14x12.png 14w\" sizes=\"auto, (max-width: 174px) 100vw, 174px\" \/>\t\t\t\t\t<\/div>\n\t\t\t\t<\/div>\n\t\t\t<\/div>\n\t\t\t\t<div class=\"icon-box-text last-reset\">\n\t\t\t\t\t\t\t\t\t\n\n\t<div id=\"text-3152470354\" class=\"text\">\n\t\t\n\n<h1>Phone<\/h1>\n\t\t\n<style>\n#text-3152470354 {\n  font-size: 0.9rem;\n  color: rgb(0,0,0);\n}\n#text-3152470354 > * {\n  color: rgb(0,0,0);\n}\n<\/style>\n\t<\/div>\n\t\n\n\t\t<\/div>\n\t<\/div>\n\t\n\t\n<div class=\"is-divider divider clearfix\" style=\"background-color:rgb(226, 82, 36);\"><\/div>\n\n\n\n&#9742;&nbsp;&nbsp;&nbsp;&nbsp;&nbsp;<a href=\"tel:\/\/+902127713380\">+90 (212) 771 33 80<\/a><br><br>\n&#128241;&nbsp;&nbsp;&nbsp;&nbsp;&nbsp;<a href=\"tel:\/\/+905425450435\">+90 (542) 545 04 35<\/a><br>\n\n\n\t\t<\/div>\n\t\t\t\t\n<style>\n#col-265455279 > .col-inner {\n  border-radius: 50px;\n}\n<\/style>\n\t<\/div>\n\n\t\n\n\t<div id=\"col-1719826960\" class=\"col medium-4 small-12 large-4\"  >\n\t\t\t\t<div class=\"col-inner text-center box-shadow-4\"  >\n\t\t\t\n\t\t\t\n\n\n\t\t<div class=\"icon-box featured-box icon-box-center text-center\"  >\n\t\t\t\t\t<div class=\"icon-box-img\" style=\"width: 60px\">\n\t\t\t\t<div class=\"icon\">\n\t\t\t\t\t<div class=\"icon-inner\" style=\"color:rgb(23, 226, 59);\">\n\t\t\t\t\t\t<img loading=\"lazy\" decoding=\"async\" width=\"173\" height=\"150\" src=\"https:\/\/www.atilimraf.com\/wp-content\/uploads\/2023\/08\/mail-icon-atilim-raf.png\" class=\"attachment-medium size-medium\" alt=\"\" srcset=\"https:\/\/www.atilimraf.com\/wp-content\/uploads\/2023\/08\/mail-icon-atilim-raf.png 173w, https:\/\/www.atilimraf.com\/wp-content\/uploads\/2023\/08\/mail-icon-atilim-raf-14x12.png 14w\" sizes=\"auto, (max-width: 173px) 100vw, 173px\" \/>\t\t\t\t\t<\/div>\n\t\t\t\t<\/div>\n\t\t\t<\/div>\n\t\t\t\t<div class=\"icon-box-text last-reset\">\n\t\t\t\t\t\t\t\t\t\n\n\t<div id=\"text-3591213164\" class=\"text\">\n\t\t\n\n<h2>E-mail<\/h2>\n\t\t\n<style>\n#text-3591213164 {\n  font-size: 0.9rem;\n  color: rgb(0,0,0);\n}\n#text-3591213164 > * {\n  color: rgb(0,0,0);\n}\n<\/style>\n\t<\/div>\n\t\n\n\t\t<\/div>\n\t<\/div>\n\t\n\t\n<div class=\"is-divider divider clearfix\" style=\"background-color:rgb(226, 82, 36);\"><\/div>\n\n\n\n&#128231;&nbsp;&nbsp;&nbsp;&nbsp;&nbsp;&nbsp;&nbsp;&nbsp;&nbsp;<a href=\"mailto:info@atilimraf.com\">info@atilimraf.com<\/a> <br> <br> &#128231;&nbsp;&nbsp;&nbsp;<a href=\"mailto:export@atilimraf.com\">export@atilimraf.com<\/a>\n\n\n\t\t<\/div>\n\t\t\t\t\n<style>\n#col-1719826960 > .col-inner {\n  border-radius: 50px;\n}\n<\/style>\n\t<\/div>\n\n\t\n\n\t<div id=\"col-488672982\" class=\"col medium-4 small-12 large-4\"  >\n\t\t\t\t<div class=\"col-inner text-center box-shadow-4\"  >\n\t\t\t\n\t\t\t\n\n\n\t\t<div class=\"icon-box featured-box icon-box-center text-center\"  >\n\t\t\t\t\t<div class=\"icon-box-img\" style=\"width: 61px\">\n\t\t\t\t<div class=\"icon\">\n\t\t\t\t\t<div class=\"icon-inner\" style=\"color:rgba(255, 255, 255, 0);\">\n\t\t\t\t\t\t<img loading=\"lazy\" decoding=\"async\" width=\"174\" height=\"150\" src=\"https:\/\/www.atilimraf.com\/wp-content\/uploads\/2023\/08\/konum_icon_atilim_raf-removebg-preview.png\" class=\"attachment-medium size-medium\" alt=\"\" srcset=\"https:\/\/www.atilimraf.com\/wp-content\/uploads\/2023\/08\/konum_icon_atilim_raf-removebg-preview.png 174w, https:\/\/www.atilimraf.com\/wp-content\/uploads\/2023\/08\/konum_icon_atilim_raf-removebg-preview-14x12.png 14w\" sizes=\"auto, (max-width: 174px) 100vw, 174px\" \/>\t\t\t\t\t<\/div>\n\t\t\t\t<\/div>\n\t\t\t<\/div>\n\t\t\t\t<div class=\"icon-box-text last-reset\">\n\t\t\t\t\t\t\t\t\t\n\n\t<div id=\"text-3106452854\" class=\"text\">\n\t\t\n\n<h1>Address<\/h1>\n\t\t\n<style>\n#text-3106452854 {\n  font-size: 0.9rem;\n  color: rgb(0,0,0);\n}\n#text-3106452854 > * {\n  color: rgb(0,0,0);\n}\n<\/style>\n\t<\/div>\n\t\n\n\t\t<\/div>\n\t<\/div>\n\t\n\t\n<div class=\"is-divider divider clearfix\" style=\"background-color:rgb(226, 82, 36);\"><\/div>\n\n\t<div class=\"ux-menu stack stack-col justify-start ux-menu--divider-solid\">\n\t\t\n\n\t<div class=\"ux-menu-link flex menu-item\">\n\t\t<a class=\"ux-menu-link__link flex\" href=\"https:\/\/maps.app.goo.gl\/LKBLuAs16guobPpC6\" target=\"_blank\" rel=\"noopener noreferrer\" >\n\t\t\t<i class=\"ux-menu-link__icon text-center icon-map-pin-fill\" ><\/i>\t\t\t<span class=\"ux-menu-link__text\">\n\t\t\t\tHad\u0131mk\u00f6y Mah. \u015eht. Aste\u011fmen Ali Y\u0131lmaz Cd. No:27 Arnavutk\u00f6y - \u0130stanbul \/ T\u00fcrkiye\t\t\t<\/span>\n\t\t<\/a>\n\t<\/div>\n\t\n\n\n\t<\/div>\n\t\n\n\t\t<\/div>\n\t\t\t\t\n<style>\n#col-488672982 > .col-inner {\n  border-radius: 50px;\n}\n<\/style>\n\t<\/div>\n\n\t\n\n\t<div id=\"col-1104633594\" class=\"col small-12 large-12\"  >\n\t\t\t\t<div class=\"col-inner text-center box-shadow-4\"  >\n\t\t\t\n\t\t\t\n\n<div class=\"row align-center\"  id=\"row-409325617\">\n\n\n\t<div id=\"col-136384326\" class=\"col medium-11 small-12 large-12\"  >\n\t\t\t\t<div class=\"col-inner text-left\" style=\"background-color:rgba(255, 255, 255, 0);\" >\n\t\t\t\n\t\t\t\n\n\n\t\t<div class=\"icon-box featured-box icon-box-center text-center\"  >\n\t\t\t\t\t<div class=\"icon-box-img\" style=\"width: 99px\">\n\t\t\t\t<div class=\"icon\">\n\t\t\t\t\t<div class=\"icon-inner\" >\n\t\t\t\t\t\t<img loading=\"lazy\" decoding=\"async\" width=\"190\" height=\"170\" src=\"https:\/\/www.atilimraf.com\/wp-content\/uploads\/2023\/08\/iletisim-form-icon-atilim-raf.png\" class=\"attachment-medium size-medium\" alt=\"\" srcset=\"https:\/\/www.atilimraf.com\/wp-content\/uploads\/2023\/08\/iletisim-form-icon-atilim-raf.png 190w, https:\/\/www.atilimraf.com\/wp-content\/uploads\/2023\/08\/iletisim-form-icon-atilim-raf-13x12.png 13w\" sizes=\"auto, (max-width: 190px) 100vw, 190px\" \/>\t\t\t\t\t<\/div>\n\t\t\t\t<\/div>\n\t\t\t<\/div>\n\t\t\t\t<div class=\"icon-box-text last-reset\">\n\t\t\t\t\t\t\t\t\t\n\n\t<div id=\"text-3573556465\" class=\"text\">\n\t\t\n\n<h1>Contact Form<\/h1>\n\t\t\n<style>\n#text-3573556465 {\n  font-size: 0.95rem;\n  color: rgb(0,0,0);\n}\n#text-3573556465 > * {\n  color: rgb(0,0,0);\n}\n<\/style>\n\t<\/div>\n\t\n\n\t\t<\/div>\n\t<\/div>\n\t\n\t\n\n<div class=\"wpcf7 no-js\" id=\"wpcf7-f13-o1\" lang=\"en-US\" dir=\"ltr\">\n<div class=\"screen-reader-response\"><p role=\"status\" aria-live=\"polite\" aria-atomic=\"true\"><\/p> <ul><\/ul><\/div>\n<form action=\"\/en\/wp-json\/wp\/v2\/pages\/89#wpcf7-f13-o1\" method=\"post\" class=\"wpcf7-form init\" aria-label=\"Contact form\" enctype=\"multipart\/form-data\" novalidate=\"novalidate\" data-status=\"init\" data-no-translation-aria-label=\"\" data-trp-original-action=\"\/en\/wp-json\/wp\/v2\/pages\/89#wpcf7-f13-o1\">\n<div style=\"display: none;\">\n<input type=\"hidden\" name=\"_wpcf7\" value=\"13\" \/>\n<input type=\"hidden\" name=\"_wpcf7_version\" value=\"5.8.1\" \/>\n<input type=\"hidden\" name=\"_wpcf7_locale\" value=\"en_US\" \/>\n<input type=\"hidden\" name=\"_wpcf7_unit_tag\" value=\"wpcf7-f13-o1\" \/>\n<input type=\"hidden\" name=\"_wpcf7_container_post\" value=\"0\" \/>\n<input type=\"hidden\" name=\"_wpcf7_posted_data_hash\" value=\"\" \/>\n<\/div>\n<p><label><br \/>\n<span class=\"wpcf7-form-control-wrap\" data-name=\"your-name\"><input size=\"40\" class=\"wpcf7-form-control wpcf7-text wpcf7-validates-as-required\" aria-required=\"true\" aria-invalid=\"false\" placeholder=\"Name Surname - Company Name\" value=\"\" type=\"text\" name=\"your-name\" \/><\/span><\/label>\n<\/p>\n<p><label><br \/>\n<span class=\"wpcf7-form-control-wrap\" data-name=\"your-email\"><input size=\"40\" class=\"wpcf7-form-control wpcf7-email wpcf7-validates-as-required wpcf7-text wpcf7-validates-as-email\" aria-required=\"true\" aria-invalid=\"false\" placeholder=\"E-mail\" value=\"\" type=\"email\" name=\"your-email\" \/><\/span><\/label>\n<\/p>\n<p><label><br \/>\n<span class=\"wpcf7-form-control-wrap\" data-name=\"tel-523\"><input size=\"40\" class=\"wpcf7-form-control wpcf7-tel wpcf7-validates-as-required wpcf7-text wpcf7-validates-as-tel\" aria-required=\"true\" aria-invalid=\"false\" placeholder=\"Phone\" value=\"\" type=\"tel\" name=\"tel-523\" \/><\/span><\/label>\n<\/p>\n<p><label><br \/>\n<span class=\"wpcf7-form-control-wrap\" data-name=\"text-160\"><input size=\"40\" class=\"wpcf7-form-control wpcf7-text wpcf7-validates-as-required\" aria-required=\"true\" aria-invalid=\"false\" placeholder=\"Subject\" value=\"\" type=\"text\" name=\"text-160\" \/><\/span><\/label>\n<\/p>\n<p><label><br \/>\n<span class=\"wpcf7-form-control-wrap\" data-name=\"your-message\"><textarea cols=\"40\" rows=\"10\" class=\"wpcf7-form-control wpcf7-textarea\" aria-invalid=\"false\" placeholder=\"Message\" name=\"your-message\"><\/textarea><\/span><\/label>\n<\/p>\n<p><span class=\"wpcf7-form-control-wrap\" data-name=\"file-329\"><input size=\"40\" class=\"wpcf7-form-control wpcf7-file\" accept=\".jpeg,.png,.bmp,.psd,.doc,.docx,.xls,.xlsx,.mp4,.jpg\" aria-invalid=\"false\" type=\"file\" name=\"file-329\" \/><\/span>\n<\/p>\n<p><input class=\"wpcf7-form-control wpcf7-submit has-spinner button\" type=\"submit\" value=\"Send\" \/>\n<\/p><p style=\"display: none !important;\" class=\"akismet-fields-container\" data-prefix=\"_wpcf7_ak_\"><label>&#916;<textarea name=\"_wpcf7_ak_hp_textarea\" cols=\"45\" rows=\"8\" maxlength=\"100\"><\/textarea><\/label><input type=\"hidden\" id=\"ak_js_1\" name=\"_wpcf7_ak_js\" value=\"33\"\/><script>document.getElementById( \"ak_js_1\" ).setAttribute( \"value\", ( new Date() ).getTime() );<\/script><\/p><div class=\"wpcf7-response-output\" aria-hidden=\"true\"><\/div>\n<input type=\"hidden\" name=\"trp-form-language\" value=\"en\"\/><\/form>\n<\/div>\n\n\n\n\t\t<\/div>\n\t\t\t\t\t<\/div>\n\n\t\n\n<\/div>\n\n\t\t<\/div>\n\t\t\t\t\n<style>\n#col-1104633594 > .col-inner {\n  border-radius: 50px;\n}\n<\/style>\n\t<\/div>\n\n\t\n\n\t<div id=\"col-174800565\" class=\"col small-12 large-12\"  >\n\t\t\t\t<div class=\"col-inner text-left box-shadow-4\"  >\n\t\t\t\n\t\t\t\n\n\n\n<iframe src=\"https:\/\/www.google.com\/maps\/embed?pb=!1m18!1m12!1m3!1d1502.0462525069904!2d28.62244848459075!3d41.15433278031053!2m3!1f0!2f0!3f0!3m2!1i1024!2i768!4f13.1!3m3!1m2!1s0x14b5570e57a5ed65%3A0x57e5579462de4aa8!2sAt%C4%B1l%C4%B1m%20Raf%20Sistemleri!5e0!3m2!1str!2str!4v1694586784537!5m2!1str!2str\" width=\"1024\" height=\"450\" style=\"border:0;\" allowfullscreen=\"\" loading=\"lazy\" referrerpolicy=\"no-referrer-when-downgrade\"><\/iframe>\n\n\n\t\t<\/div>\n\t\t\t\t\n<style>\n#col-174800565 > .col-inner {\n  border-radius: 50px;\n}\n<\/style>\n\t<\/div>\n\n\t\n\n\n<style>\n#row-1610058620 > .col > .col-inner {\n  padding: 40px 40px 40px 40px;\n  background-color: rgb(255,255,255);\n}\n<\/style>\n<\/div>\n\n\t\t<\/div>\n\t\t\t\t\n<style>\n#col-345585446 > .col-inner {\n  margin: -100px 0px 0px 0px;\n}\n<\/style>\n\t<\/div>\n\n\t\n\n<\/div>\n\n\t\t<\/div>\n\n\t\t\n<style>\n#section_1106581947 {\n  padding-top: 53px;\n  padding-bottom: 53px;\n  background-color: rgb(244, 244, 244);\n}\n#section_1106581947 .ux-shape-divider--top svg {\n  height: 150px;\n  --divider-top-width: 100%;\n}\n#section_1106581947 .ux-shape-divider--bottom svg {\n  height: 150px;\n  --divider-width: 100%;\n}\n<\/style>\n\t<\/section>","protected":false},"excerpt":{"rendered":"","protected":false},"author":1,"featured_media":1674,"parent":0,"menu_order":0,"comment_status":"closed","ping_status":"closed","template":"page-blank.php","meta":{"_joinchat":[],"footnotes":""},"class_list":["post-89","page","type-page","status-publish","has-post-thumbnail","hentry"],"yoast_head":"<!-- This site is optimized with the Yoast SEO Premium plugin v20.9 (Yoast SEO v20.9) - https:\/\/yoast.com\/wordpress\/plugins\/seo\/ -->\n<title>\u0130leti\u015fim | 0212 771 33 80 | Atilim Raf<\/title>\n<meta name=\"description\" content=\"Ma\u011fazan\u0131z \u0130\u00e7in Arad\u0131\u011f\u0131n\u0131z Her\u015fey...Depo ,Market ve Ma\u011faza Raf Sistemleri metal ve ah\u015fap stand imalat\u0131 i\u00e7in Atilim Raf : 0212 771 33 80\" \/>\n<meta name=\"robots\" content=\"index, follow, max-snippet:-1, max-image-preview:large, max-video-preview:-1\" \/>\n<link rel=\"canonical\" href=\"https:\/\/www.atilimraf.com\/en\/contact\/\" \/>\n<meta property=\"og:locale\" content=\"en_US\" \/>\n<meta property=\"og:type\" content=\"article\" \/>\n<meta property=\"og:title\" content=\"\u0130leti\u015fim\" \/>\n<meta property=\"og:description\" content=\"Ma\u011fazan\u0131z \u0130\u00e7in Arad\u0131\u011f\u0131n\u0131z Her\u015fey...Depo ,Market ve Ma\u011faza Raf Sistemleri metal ve ah\u015fap stand imalat\u0131 i\u00e7in Atilim Raf : 0212 771 33 80\" \/>\n<meta property=\"og:url\" content=\"https:\/\/www.atilimraf.com\/en\/contact\/\" \/>\n<meta property=\"og:site_name\" content=\"Atilim Raf\" \/>\n<meta property=\"article:publisher\" content=\"https:\/\/www.facebook.com\/atilimrafsistemleri\" \/>\n<meta property=\"article:modified_time\" content=\"2024-04-19T09:07:57+00:00\" \/>\n<meta property=\"og:image\" content=\"http:\/\/www.atilimraf.com\/wp-content\/uploads\/2022\/12\/atilim-raf-iletisim-0212-771-33-80.jpg\" \/>\n\t<meta property=\"og:image:width\" content=\"500\" \/>\n\t<meta property=\"og:image:height\" content=\"500\" \/>\n\t<meta property=\"og:image:type\" content=\"image\/jpeg\" \/>\n<meta name=\"twitter:card\" content=\"summary_large_image\" \/>\n<meta name=\"twitter:site\" content=\"@atilimraf\" \/>\n<meta name=\"twitter:label1\" content=\"Tahmini okuma s\u00fcresi\" \/>\n\t<meta name=\"twitter:data1\" content=\"2 minutes\" \/>\n<script type=\"application\/ld+json\" class=\"yoast-schema-graph\">{\"@context\":\"https:\/\/schema.org\",\"@graph\":[{\"@type\":\"WebPage\",\"@id\":\"https:\/\/www.atilimraf.com\/iletisim\/\",\"url\":\"https:\/\/www.atilimraf.com\/iletisim\/\",\"name\":\"\u0130leti\u015fim | 0212 771 33 80 | Atilim Raf\",\"isPartOf\":{\"@id\":\"https:\/\/www.atilimraf.com\/#website\"},\"datePublished\":\"2022-12-23T13:21:10+00:00\",\"dateModified\":\"2024-04-19T09:07:57+00:00\",\"description\":\"Ma\u011fazan\u0131z \u0130\u00e7in Arad\u0131\u011f\u0131n\u0131z Her\u015fey...Depo ,Market ve Ma\u011faza Raf Sistemleri metal ve ah\u015fap stand imalat\u0131 i\u00e7in Atilim Raf : 0212 771 33 80\",\"breadcrumb\":{\"@id\":\"https:\/\/www.atilimraf.com\/iletisim\/#breadcrumb\"},\"inLanguage\":\"tr\",\"potentialAction\":[{\"@type\":\"ReadAction\",\"target\":[\"https:\/\/www.atilimraf.com\/iletisim\/\"]}]},{\"@type\":\"BreadcrumbList\",\"@id\":\"https:\/\/www.atilimraf.com\/iletisim\/#breadcrumb\",\"itemListElement\":[{\"@type\":\"ListItem\",\"position\":1,\"name\":\"Ana Sayfa\",\"item\":\"https:\/\/www.atilimraf.com\/\"},{\"@type\":\"ListItem\",\"position\":2,\"name\":\"\u0130leti\u015fim\"}]},{\"@type\":\"WebSite\",\"@id\":\"https:\/\/www.atilimraf.com\/#website\",\"url\":\"https:\/\/www.atilimraf.com\/\",\"name\":\"Atilim Raf\",\"description\":\"Ma\u011faza Ekipmanlar\u0131\",\"publisher\":{\"@id\":\"https:\/\/www.atilimraf.com\/#organization\"},\"potentialAction\":[{\"@type\":\"SearchAction\",\"target\":{\"@type\":\"EntryPoint\",\"urlTemplate\":\"https:\/\/www.atilimraf.com\/?s={search_term_string}\"},\"query-input\":\"required name=search_term_string\"}],\"inLanguage\":\"tr\"},{\"@type\":\"Organization\",\"@id\":\"https:\/\/www.atilimraf.com\/#organization\",\"name\":\"At\u0131l\u0131m Raf Sistemleri Sanayi ve Ticaret Limited \u015eirketi\",\"alternateName\":\"At\u0131l\u0131m Raf Sistemleri\",\"url\":\"https:\/\/www.atilimraf.com\/\",\"logo\":{\"@type\":\"ImageObject\",\"inLanguage\":\"tr\",\"@id\":\"https:\/\/www.atilimraf.com\/#\/schema\/logo\/image\/\",\"url\":\"https:\/\/www.atilimraf.com\/wp-content\/uploads\/2022\/10\/DEPO_RAFI_MAGAZA_EKIPMANL__6_-removebg-preview.png\",\"contentUrl\":\"https:\/\/www.atilimraf.com\/wp-content\/uploads\/2022\/10\/DEPO_RAFI_MAGAZA_EKIPMANL__6_-removebg-preview.png\",\"width\":500,\"height\":150,\"caption\":\"At\u0131l\u0131m Raf Sistemleri Sanayi ve Ticaret Limited \u015eirketi\"},\"image\":{\"@id\":\"https:\/\/www.atilimraf.com\/#\/schema\/logo\/image\/\"},\"sameAs\":[\"https:\/\/www.facebook.com\/atilimrafsistemleri\",\"https:\/\/twitter.com\/atilimraf\",\"https:\/\/www.instagram.com\/atilimraf\/\",\"https:\/\/www.linkedin.com\/in\/atilimraf\/\",\"https:\/\/www.youtube.com\/@atilimraf\",\"https:\/\/www.pinterest.es\/atilimraf\/\"]}]}<\/script>\n<!-- \/ Yoast SEO Premium plugin. -->","yoast_head_json":{"title":"\u0130leti\u015fim | 0212 771 33 80 | Atilim Raf","description":"Ma\u011fazan\u0131z \u0130\u00e7in Arad\u0131\u011f\u0131n\u0131z Her\u015fey...Depo ,Market ve Ma\u011faza Raf Sistemleri metal ve ah\u015fap stand imalat\u0131 i\u00e7in Atilim Raf : 0212 771 33 80","robots":{"index":"index","follow":"follow","max-snippet":"max-snippet:-1","max-image-preview":"max-image-preview:large","max-video-preview":"max-video-preview:-1"},"canonical":"https:\/\/www.atilimraf.com\/en\/contact\/","og_locale":"en_US","og_type":"article","og_title":"\u0130leti\u015fim","og_description":"Ma\u011fazan\u0131z \u0130\u00e7in Arad\u0131\u011f\u0131n\u0131z Her\u015fey...Depo ,Market ve Ma\u011faza Raf Sistemleri metal ve ah\u015fap stand imalat\u0131 i\u00e7in Atilim Raf : 0212 771 33 80","og_url":"https:\/\/www.atilimraf.com\/en\/contact\/","og_site_name":"Atilim Raf","article_publisher":"https:\/\/www.facebook.com\/atilimrafsistemleri","article_modified_time":"2024-04-19T09:07:57+00:00","og_image":[{"width":500,"height":500,"url":"http:\/\/www.atilimraf.com\/wp-content\/uploads\/2022\/12\/atilim-raf-iletisim-0212-771-33-80.jpg","type":"image\/jpeg"}],"twitter_card":"summary_large_image","twitter_site":"@atilimraf","twitter_misc":{"Tahmini okuma s\u00fcresi":"2 minutes"},"schema":{"@context":"https:\/\/schema.org","@graph":[{"@type":"WebPage","@id":"https:\/\/www.atilimraf.com\/iletisim\/","url":"https:\/\/www.atilimraf.com\/iletisim\/","name":"\u0130leti\u015fim | 0212 771 33 80 | Atilim Raf","isPartOf":{"@id":"https:\/\/www.atilimraf.com\/#website"},"datePublished":"2022-12-23T13:21:10+00:00","dateModified":"2024-04-19T09:07:57+00:00","description":"Ma\u011fazan\u0131z \u0130\u00e7in Arad\u0131\u011f\u0131n\u0131z Her\u015fey...Depo ,Market ve Ma\u011faza Raf Sistemleri metal ve ah\u015fap stand imalat\u0131 i\u00e7in Atilim Raf : 0212 771 33 80","breadcrumb":{"@id":"https:\/\/www.atilimraf.com\/iletisim\/#breadcrumb"},"inLanguage":"tr","potentialAction":[{"@type":"ReadAction","target":["https:\/\/www.atilimraf.com\/iletisim\/"]}]},{"@type":"BreadcrumbList","@id":"https:\/\/www.atilimraf.com\/iletisim\/#breadcrumb","itemListElement":[{"@type":"ListItem","position":1,"name":"Ana Sayfa","item":"https:\/\/www.atilimraf.com\/"},{"@type":"ListItem","position":2,"name":"\u0130leti\u015fim"}]},{"@type":"WebSite","@id":"https:\/\/www.atilimraf.com\/#website","url":"https:\/\/www.atilimraf.com\/","name":"Atilim Raf","description":"Ma\u011faza Ekipmanlar\u0131","publisher":{"@id":"https:\/\/www.atilimraf.com\/#organization"},"potentialAction":[{"@type":"SearchAction","target":{"@type":"EntryPoint","urlTemplate":"https:\/\/www.atilimraf.com\/?s={search_term_string}"},"query-input":"required name=search_term_string"}],"inLanguage":"tr"},{"@type":"Organization","@id":"https:\/\/www.atilimraf.com\/#organization","name":"At\u0131l\u0131m Raf Sistemleri Sanayi ve Ticaret Limited \u015eirketi","alternateName":"At\u0131l\u0131m Raf Sistemleri","url":"https:\/\/www.atilimraf.com\/","logo":{"@type":"ImageObject","inLanguage":"tr","@id":"https:\/\/www.atilimraf.com\/#\/schema\/logo\/image\/","url":"https:\/\/www.atilimraf.com\/wp-content\/uploads\/2022\/10\/DEPO_RAFI_MAGAZA_EKIPMANL__6_-removebg-preview.png","contentUrl":"https:\/\/www.atilimraf.com\/wp-content\/uploads\/2022\/10\/DEPO_RAFI_MAGAZA_EKIPMANL__6_-removebg-preview.png","width":500,"height":150,"caption":"At\u0131l\u0131m Raf Sistemleri Sanayi ve Ticaret Limited \u015eirketi"},"image":{"@id":"https:\/\/www.atilimraf.com\/#\/schema\/logo\/image\/"},"sameAs":["https:\/\/www.facebook.com\/atilimrafsistemleri","https:\/\/twitter.com\/atilimraf","https:\/\/www.instagram.com\/atilimraf\/","https:\/\/www.linkedin.com\/in\/atilimraf\/","https:\/\/www.youtube.com\/@atilimraf","https:\/\/www.pinterest.es\/atilimraf\/"]}]}},"_links":{"self":[{"href":"https:\/\/www.atilimraf.com\/en\/wp-json\/wp\/v2\/pages\/89","targetHints":{"allow":["GET"]}}],"collection":[{"href":"https:\/\/www.atilimraf.com\/en\/wp-json\/wp\/v2\/pages"}],"about":[{"href":"https:\/\/www.atilimraf.com\/en\/wp-json\/wp\/v2\/types\/page"}],"author":[{"embeddable":true,"href":"https:\/\/www.atilimraf.com\/en\/wp-json\/wp\/v2\/users\/1"}],"replies":[{"embeddable":true,"href":"https:\/\/www.atilimraf.com\/en\/wp-json\/wp\/v2\/comments?post=89"}],"version-history":[{"count":36,"href":"https:\/\/www.atilimraf.com\/en\/wp-json\/wp\/v2\/pages\/89\/revisions"}],"predecessor-version":[{"id":4398,"href":"https:\/\/www.atilimraf.com\/en\/wp-json\/wp\/v2\/pages\/89\/revisions\/4398"}],"wp:featuredmedia":[{"embeddable":true,"href":"https:\/\/www.atilimraf.com\/en\/wp-json\/wp\/v2\/media\/1674"}],"wp:attachment":[{"href":"https:\/\/www.atilimraf.com\/en\/wp-json\/wp\/v2\/media?parent=89"}],"curies":[{"name":"wp","href":"https:\/\/api.w.org\/{rel}","templated":true}]}}