{"id":1436,"date":"2022-11-24T12:16:49","date_gmt":"2022-11-24T12:16:49","guid":{"rendered":"https:\/\/www.atilimraf.com\/?post_type=product&#038;p=1436"},"modified":"2023-02-03T17:33:19","modified_gmt":"2023-02-03T17:33:19","slug":"standart-sapkali-duvar-unitesi","status":"publish","type":"product","link":"https:\/\/www.atilimraf.com\/en\/urunler\/market-ekipmanlari\/raf-sistemleri\/duvar-unitesi-market-rafi\/wall-unit-shelf-head\/","title":{"rendered":"Wall Unit Shelf Head"},"content":{"rendered":"<p>Wall Unit Shelf Head<\/p>\n<table width=\"555\">\n<tbody>\n<tr>\n<td width=\"92\">Width :<\/td>\n<td width=\"79\">55 cm<\/td>\n<td width=\"64\">65 cm<\/td>\n<td width=\"64\">75 cm<\/td>\n<td width=\"64\">95 cm<\/td>\n<td width=\"64\">125 cm<\/td>\n<td width=\"64\"><\/td>\n<td width=\"64\"><\/td>\n<\/tr>\n<tr>\n<td>Depth :<\/td>\n<td>30 cm<\/td>\n<td>40 cm<\/td>\n<td>50 cm<\/td>\n<td>60 cm<\/td>\n<td><\/td>\n<td><\/td>\n<td><\/td>\n<\/tr>\n<tr>\n<td>Height (H):<\/td>\n<td>175 cm<\/td>\n<td>195 cm<\/td>\n<td>230<\/td>\n<td><\/td>\n<td><\/td>\n<td><\/td>\n<td><\/td>\n<\/tr>\n<tr>\n<td>Colors :<\/td>\n<td>White<\/td>\n<td>Anthracite<\/td>\n<td>Matte Black<\/td>\n<td>Orange<\/td>\n<td>Red<\/td>\n<td>Blue<\/td>\n<td>Green<\/td>\n<\/tr>\n<\/tbody>\n<\/table>\n<p>Market Shelves \u2013 Manufacturing in Desired Colors and Sizes.<\/p>","protected":false},"excerpt":{"rendered":"<p>Market Raf (Duvar \u00dcnitesi) \u00d6l\u00e7\u00fcleri : Standart \u015eapkal\u0131 Duvar \u00dcnitesi Geni\u015flik\u00a0 (L) 55 cm 65 cm 75 cm 95 cm 125 cm Derinlik\u00a0 (P) 30 cm 40 cm 50 cm 60 cm Y\u00fckseklik (H) 175 cm 195 cm 230 Renk\u00a0\u00a0\u00a0 : Beyaz Antrasit Mat Siyah Turuncu K\u0131rm\u0131z\u0131 Mavi Ye\u015fil Standart Market Raflar\u0131 &#8211; \u0130stenilen Renk [&#8230;]","protected":false},"featured_media":1437,"template":"","meta":{"_joinchat":[]},"product_brand":[],"product_cat":[143],"product_tag":[128,127,133,134],"class_list":{"0":"post-1436","1":"product","2":"type-product","3":"status-publish","4":"has-post-thumbnail","6":"product_cat-duvar-unitesi-market-rafi","7":"product_tag-duvar-unitesi","8":"product_tag-market-rafi","9":"product_tag-sapkali-duvar-unitesi","10":"product_tag-sapkali-market-rafi","12":"first","13":"instock","14":"shipping-taxable","15":"product-type-simple"},"yoast_head":"<!-- This site is optimized with the Yoast SEO Premium plugin v20.9 (Yoast SEO v20.9) - https:\/\/yoast.com\/wordpress\/plugins\/seo\/ -->\n<title>Standart \u015eapkal\u0131 Duvar \u00dcnitesi | Atilim Raf<\/title>\n<meta name=\"description\" content=\"Market Raf\u0131 Standart \u015eapkal\u0131 Duvar \u00dcnitesi istenilen \u00f6l\u00e7\u00fc ve renklerde imal edilmektedir. Kaliteli sa\u011flam market raf sistemleri.\" \/>\n<meta name=\"robots\" content=\"index, follow, max-snippet:-1, max-image-preview:large, max-video-preview:-1\" \/>\n<link rel=\"canonical\" href=\"https:\/\/www.atilimraf.com\/en\/urunler\/market-ekipmanlari\/raf-sistemleri\/duvar-unitesi-market-rafi\/wall-unit-shelf-head\/\" \/>\n<meta property=\"og:locale\" content=\"en_US\" \/>\n<meta property=\"og:type\" content=\"article\" \/>\n<meta property=\"og:title\" content=\"Standart \u015eapkal\u0131 Duvar \u00dcnitesi\" \/>\n<meta property=\"og:description\" content=\"Market Raf\u0131 Standart \u015eapkal\u0131 Duvar \u00dcnitesi istenilen \u00f6l\u00e7\u00fc ve renklerde imal edilmektedir. Kaliteli sa\u011flam market raf sistemleri.\" \/>\n<meta property=\"og:url\" content=\"https:\/\/www.atilimraf.com\/en\/urunler\/market-ekipmanlari\/raf-sistemleri\/duvar-unitesi-market-rafi\/wall-unit-shelf-head\/\" \/>\n<meta property=\"og:site_name\" content=\"Atilim Raf\" \/>\n<meta property=\"article:publisher\" content=\"https:\/\/www.facebook.com\/atilimrafsistemleri\" \/>\n<meta property=\"article:modified_time\" content=\"2023-02-03T17:33:19+00:00\" \/>\n<meta property=\"og:image\" content=\"https:\/\/www.atilimraf.com\/wp-content\/uploads\/2022\/11\/Standart-Sapkali-Duvar-Unitesi.jpeg\" \/>\n\t<meta property=\"og:image:width\" content=\"600\" \/>\n\t<meta property=\"og:image:height\" content=\"600\" \/>\n\t<meta property=\"og:image:type\" content=\"image\/jpeg\" \/>\n<meta name=\"twitter:card\" content=\"summary_large_image\" \/>\n<meta name=\"twitter:site\" content=\"@atilimraf\" \/>\n<meta name=\"twitter:label1\" content=\"Tahmini okuma s\u00fcresi\" \/>\n\t<meta name=\"twitter:data1\" content=\"1 minute\" \/>\n<script type=\"application\/ld+json\" class=\"yoast-schema-graph\">{\"@context\":\"https:\/\/schema.org\",\"@graph\":[{\"@type\":\"WebPage\",\"@id\":\"https:\/\/www.atilimraf.com\/urunler\/market-ekipmanlari\/raf-sistemleri\/duvar-unitesi-market-rafi\/standart-sapkali-duvar-unitesi\/\",\"url\":\"https:\/\/www.atilimraf.com\/urunler\/market-ekipmanlari\/raf-sistemleri\/duvar-unitesi-market-rafi\/standart-sapkali-duvar-unitesi\/\",\"name\":\"Standart \u015eapkal\u0131 Duvar \u00dcnitesi | Atilim Raf\",\"isPartOf\":{\"@id\":\"https:\/\/www.atilimraf.com\/#website\"},\"datePublished\":\"2022-11-24T12:16:49+00:00\",\"dateModified\":\"2023-02-03T17:33:19+00:00\",\"description\":\"Market Raf\u0131 Standart \u015eapkal\u0131 Duvar \u00dcnitesi istenilen \u00f6l\u00e7\u00fc ve renklerde imal edilmektedir. Kaliteli sa\u011flam market raf sistemleri.\",\"breadcrumb\":{\"@id\":\"https:\/\/www.atilimraf.com\/urunler\/market-ekipmanlari\/raf-sistemleri\/duvar-unitesi-market-rafi\/standart-sapkali-duvar-unitesi\/#breadcrumb\"},\"inLanguage\":\"tr\",\"potentialAction\":[{\"@type\":\"ReadAction\",\"target\":[\"https:\/\/www.atilimraf.com\/urunler\/market-ekipmanlari\/raf-sistemleri\/duvar-unitesi-market-rafi\/standart-sapkali-duvar-unitesi\/\"]}]},{\"@type\":\"BreadcrumbList\",\"@id\":\"https:\/\/www.atilimraf.com\/urunler\/market-ekipmanlari\/raf-sistemleri\/duvar-unitesi-market-rafi\/standart-sapkali-duvar-unitesi\/#breadcrumb\",\"itemListElement\":[{\"@type\":\"ListItem\",\"position\":1,\"name\":\"Ana Sayfa\",\"item\":\"https:\/\/www.atilimraf.com\/\"},{\"@type\":\"ListItem\",\"position\":2,\"name\":\"\u00dcr\u00fcnler\",\"item\":\"https:\/\/www.atilimraf.com\/urunler\/\"},{\"@type\":\"ListItem\",\"position\":3,\"name\":\"Standart \u015eapkal\u0131 Duvar \u00dcnitesi\"}]},{\"@type\":\"WebSite\",\"@id\":\"https:\/\/www.atilimraf.com\/#website\",\"url\":\"https:\/\/www.atilimraf.com\/\",\"name\":\"Atilim Raf\",\"description\":\"Ma\u011faza Ekipmanlar\u0131\",\"publisher\":{\"@id\":\"https:\/\/www.atilimraf.com\/#organization\"},\"potentialAction\":[{\"@type\":\"SearchAction\",\"target\":{\"@type\":\"EntryPoint\",\"urlTemplate\":\"https:\/\/www.atilimraf.com\/?s={search_term_string}\"},\"query-input\":\"required name=search_term_string\"}],\"inLanguage\":\"tr\"},{\"@type\":\"Organization\",\"@id\":\"https:\/\/www.atilimraf.com\/#organization\",\"name\":\"At\u0131l\u0131m Raf Sistemleri Sanayi ve Ticaret Limited \u015eirketi\",\"alternateName\":\"At\u0131l\u0131m Raf Sistemleri\",\"url\":\"https:\/\/www.atilimraf.com\/\",\"logo\":{\"@type\":\"ImageObject\",\"inLanguage\":\"tr\",\"@id\":\"https:\/\/www.atilimraf.com\/#\/schema\/logo\/image\/\",\"url\":\"https:\/\/www.atilimraf.com\/wp-content\/uploads\/2022\/10\/DEPO_RAFI_MAGAZA_EKIPMANL__6_-removebg-preview.png\",\"contentUrl\":\"https:\/\/www.atilimraf.com\/wp-content\/uploads\/2022\/10\/DEPO_RAFI_MAGAZA_EKIPMANL__6_-removebg-preview.png\",\"width\":500,\"height\":150,\"caption\":\"At\u0131l\u0131m Raf Sistemleri Sanayi ve Ticaret Limited \u015eirketi\"},\"image\":{\"@id\":\"https:\/\/www.atilimraf.com\/#\/schema\/logo\/image\/\"},\"sameAs\":[\"https:\/\/www.facebook.com\/atilimrafsistemleri\",\"https:\/\/twitter.com\/atilimraf\",\"https:\/\/www.instagram.com\/atilimraf\/\",\"https:\/\/www.linkedin.com\/in\/atilimraf\/\",\"https:\/\/www.youtube.com\/@atilimraf\",\"https:\/\/www.pinterest.es\/atilimraf\/\"]}]}<\/script>\n<!-- \/ Yoast SEO Premium plugin. -->","yoast_head_json":{"title":"Standart \u015eapkal\u0131 Duvar \u00dcnitesi | Atilim Raf","description":"Market Raf\u0131 Standart \u015eapkal\u0131 Duvar \u00dcnitesi istenilen \u00f6l\u00e7\u00fc ve renklerde imal edilmektedir. Kaliteli sa\u011flam market raf sistemleri.","robots":{"index":"index","follow":"follow","max-snippet":"max-snippet:-1","max-image-preview":"max-image-preview:large","max-video-preview":"max-video-preview:-1"},"canonical":"https:\/\/www.atilimraf.com\/en\/urunler\/market-ekipmanlari\/raf-sistemleri\/duvar-unitesi-market-rafi\/wall-unit-shelf-head\/","og_locale":"en_US","og_type":"article","og_title":"Standart \u015eapkal\u0131 Duvar \u00dcnitesi","og_description":"Market Raf\u0131 Standart \u015eapkal\u0131 Duvar \u00dcnitesi istenilen \u00f6l\u00e7\u00fc ve renklerde imal edilmektedir. Kaliteli sa\u011flam market raf sistemleri.","og_url":"https:\/\/www.atilimraf.com\/en\/urunler\/market-ekipmanlari\/raf-sistemleri\/duvar-unitesi-market-rafi\/wall-unit-shelf-head\/","og_site_name":"Atilim Raf","article_publisher":"https:\/\/www.facebook.com\/atilimrafsistemleri","article_modified_time":"2023-02-03T17:33:19+00:00","og_image":[{"width":600,"height":600,"url":"https:\/\/www.atilimraf.com\/wp-content\/uploads\/2022\/11\/Standart-Sapkali-Duvar-Unitesi.jpeg","type":"image\/jpeg"}],"twitter_card":"summary_large_image","twitter_site":"@atilimraf","twitter_misc":{"Tahmini okuma s\u00fcresi":"1 minute"},"schema":{"@context":"https:\/\/schema.org","@graph":[{"@type":"WebPage","@id":"https:\/\/www.atilimraf.com\/urunler\/market-ekipmanlari\/raf-sistemleri\/duvar-unitesi-market-rafi\/standart-sapkali-duvar-unitesi\/","url":"https:\/\/www.atilimraf.com\/urunler\/market-ekipmanlari\/raf-sistemleri\/duvar-unitesi-market-rafi\/standart-sapkali-duvar-unitesi\/","name":"Standart \u015eapkal\u0131 Duvar \u00dcnitesi | Atilim Raf","isPartOf":{"@id":"https:\/\/www.atilimraf.com\/#website"},"datePublished":"2022-11-24T12:16:49+00:00","dateModified":"2023-02-03T17:33:19+00:00","description":"Market Raf\u0131 Standart \u015eapkal\u0131 Duvar \u00dcnitesi istenilen \u00f6l\u00e7\u00fc ve renklerde imal edilmektedir. Kaliteli sa\u011flam market raf sistemleri.","breadcrumb":{"@id":"https:\/\/www.atilimraf.com\/urunler\/market-ekipmanlari\/raf-sistemleri\/duvar-unitesi-market-rafi\/standart-sapkali-duvar-unitesi\/#breadcrumb"},"inLanguage":"tr","potentialAction":[{"@type":"ReadAction","target":["https:\/\/www.atilimraf.com\/urunler\/market-ekipmanlari\/raf-sistemleri\/duvar-unitesi-market-rafi\/standart-sapkali-duvar-unitesi\/"]}]},{"@type":"BreadcrumbList","@id":"https:\/\/www.atilimraf.com\/urunler\/market-ekipmanlari\/raf-sistemleri\/duvar-unitesi-market-rafi\/standart-sapkali-duvar-unitesi\/#breadcrumb","itemListElement":[{"@type":"ListItem","position":1,"name":"Ana Sayfa","item":"https:\/\/www.atilimraf.com\/"},{"@type":"ListItem","position":2,"name":"\u00dcr\u00fcnler","item":"https:\/\/www.atilimraf.com\/urunler\/"},{"@type":"ListItem","position":3,"name":"Standart \u015eapkal\u0131 Duvar \u00dcnitesi"}]},{"@type":"WebSite","@id":"https:\/\/www.atilimraf.com\/#website","url":"https:\/\/www.atilimraf.com\/","name":"Atilim Raf","description":"Ma\u011faza Ekipmanlar\u0131","publisher":{"@id":"https:\/\/www.atilimraf.com\/#organization"},"potentialAction":[{"@type":"SearchAction","target":{"@type":"EntryPoint","urlTemplate":"https:\/\/www.atilimraf.com\/?s={search_term_string}"},"query-input":"required name=search_term_string"}],"inLanguage":"tr"},{"@type":"Organization","@id":"https:\/\/www.atilimraf.com\/#organization","name":"At\u0131l\u0131m Raf Sistemleri Sanayi ve Ticaret Limited \u015eirketi","alternateName":"At\u0131l\u0131m Raf Sistemleri","url":"https:\/\/www.atilimraf.com\/","logo":{"@type":"ImageObject","inLanguage":"tr","@id":"https:\/\/www.atilimraf.com\/#\/schema\/logo\/image\/","url":"https:\/\/www.atilimraf.com\/wp-content\/uploads\/2022\/10\/DEPO_RAFI_MAGAZA_EKIPMANL__6_-removebg-preview.png","contentUrl":"https:\/\/www.atilimraf.com\/wp-content\/uploads\/2022\/10\/DEPO_RAFI_MAGAZA_EKIPMANL__6_-removebg-preview.png","width":500,"height":150,"caption":"At\u0131l\u0131m Raf Sistemleri Sanayi ve Ticaret Limited \u015eirketi"},"image":{"@id":"https:\/\/www.atilimraf.com\/#\/schema\/logo\/image\/"},"sameAs":["https:\/\/www.facebook.com\/atilimrafsistemleri","https:\/\/twitter.com\/atilimraf","https:\/\/www.instagram.com\/atilimraf\/","https:\/\/www.linkedin.com\/in\/atilimraf\/","https:\/\/www.youtube.com\/@atilimraf","https:\/\/www.pinterest.es\/atilimraf\/"]}]}},"_links":{"self":[{"href":"https:\/\/www.atilimraf.com\/en\/wp-json\/wp\/v2\/product\/1436","targetHints":{"allow":["GET"]}}],"collection":[{"href":"https:\/\/www.atilimraf.com\/en\/wp-json\/wp\/v2\/product"}],"about":[{"href":"https:\/\/www.atilimraf.com\/en\/wp-json\/wp\/v2\/types\/product"}],"wp:featuredmedia":[{"embeddable":true,"href":"https:\/\/www.atilimraf.com\/en\/wp-json\/wp\/v2\/media\/1437"}],"wp:attachment":[{"href":"https:\/\/www.atilimraf.com\/en\/wp-json\/wp\/v2\/media?parent=1436"}],"wp:term":[{"taxonomy":"product_brand","embeddable":true,"href":"https:\/\/www.atilimraf.com\/en\/wp-json\/wp\/v2\/product_brand?post=1436"},{"taxonomy":"product_cat","embeddable":true,"href":"https:\/\/www.atilimraf.com\/en\/wp-json\/wp\/v2\/product_cat?post=1436"},{"taxonomy":"product_tag","embeddable":true,"href":"https:\/\/www.atilimraf.com\/en\/wp-json\/wp\/v2\/product_tag?post=1436"}],"curies":[{"name":"wp","href":"https:\/\/api.w.org\/{rel}","templated":true}]}}