{"id":1582,"date":"2022-12-21T08:57:41","date_gmt":"2022-12-21T08:57:41","guid":{"rendered":"https:\/\/www.atilimraf.com\/?post_type=product&#038;p=1582"},"modified":"2026-04-27T19:43:09","modified_gmt":"2026-04-27T19:43:09","slug":"firfir-stand-aksesuar-stand","status":"publish","type":"product","link":"https:\/\/www.atilimraf.com\/en\/urunler\/stand\/aksesuar-tel-pano-stand\/rotating-stand-accessory-stand\/","title":{"rendered":"Rotating Stand \u2013 Accessory Stand"},"content":{"rendered":"<p>5 KATLI FIRFIR STAND : 1600 TL<\/p>\n<p>4 KATLI FIRFIR STAND : 1400 TL<\/p>\n<p>Rotating Stand \u2013 Accessory Stand<br \/>\nHeight : 160 cm<br \/>\nIt can be preferred as 4 or 5 floors.<br \/>\nIt can be used as a middle stand for hanging products outside or inside the store.<br \/>\nElectrostatic Paint is Used.<br \/>\nYou can easily use Cane Wire Hook Hat Holder, Shoe Holder and Hanger Types on it.<br \/>\nHanging Stands Phone accessories are also used as socks textile stands.<br \/>\nIt is produced in desired sizes and colors.<\/p>","protected":false},"excerpt":{"rendered":"<p>5 KATLI FIRFIR STAND : 1600 TL 4 KATLI FIRFIR STAND : 1400 TL Ayakl\u0131 D\u00f6nerli Aksesuar Stand &#8211; F\u0131rf\u0131r Stand Y\u00fckseklik : 160 cm 4 veya 5 Katl\u0131 olarak tercih edilebilir. Ma\u011faza d\u0131\u015f\u0131nda veya i\u00e7ersinde ask\u0131l\u0131 \u00fcr\u00fcnler i\u00e7in orta stand olarak kullan\u0131labilir. Elektrostatik Boya Kullan\u0131l\u0131m\u0131\u015ft\u0131r. \u00dczerine Baston Tel Kanca \u015eapkal\u0131k Topluk ve Ask\u0131 \u00c7e\u015fitlerini [&#8230;]","protected":false},"featured_media":4894,"template":"","meta":{"_joinchat":[]},"product_brand":[],"product_cat":[123],"product_tag":[164,165,167,172,168],"class_list":{"0":"post-1582","1":"product","2":"type-product","3":"status-publish","4":"has-post-thumbnail","6":"product_cat-aksesuar-tel-pano-stand","7":"product_tag-aksesuar-stand","8":"product_tag-askili-stand","9":"product_tag-corap-stand","10":"product_tag-firfir-stand","11":"product_tag-telefon-aksesuar","13":"first","14":"instock","15":"shipping-taxable","16":"product-type-simple"},"yoast_head":"<!-- This site is optimized with the Yoast SEO Premium plugin v20.9 (Yoast SEO v20.9) - https:\/\/yoast.com\/wordpress\/plugins\/seo\/ -->\n<title>F\u0131rf\u0131r Stand - Aksesuar Stand | Atilim Raf<\/title>\n<meta name=\"description\" content=\"F\u0131rf\u0131r Stand - Aksesuar Stand Ma\u011faza d\u0131\u015f\u0131nda veya i\u00e7ersinde ask\u0131l\u0131 \u00fcr\u00fcnler i\u00e7in kullan\u0131labilir. Ask\u0131l\u0131 stand te\u015fhirinde kolayl\u0131k sa\u011flar. Atilim Raf\" \/>\n<meta name=\"robots\" content=\"index, follow, max-snippet:-1, max-image-preview:large, max-video-preview:-1\" \/>\n<link rel=\"canonical\" href=\"https:\/\/www.atilimraf.com\/en\/urunler\/stand\/aksesuar-tel-pano-stand\/rotating-stand-accessory-stand\/\" \/>\n<meta property=\"og:locale\" content=\"en_US\" \/>\n<meta property=\"og:type\" content=\"article\" \/>\n<meta property=\"og:title\" content=\"F\u0131rf\u0131r Stand - Aksesuar Stand\" \/>\n<meta property=\"og:description\" content=\"F\u0131rf\u0131r Stand - Aksesuar Stand Ma\u011faza d\u0131\u015f\u0131nda veya i\u00e7ersinde ask\u0131l\u0131 \u00fcr\u00fcnler i\u00e7in kullan\u0131labilir. Ask\u0131l\u0131 stand te\u015fhirinde kolayl\u0131k sa\u011flar. Atilim Raf\" \/>\n<meta property=\"og:url\" content=\"https:\/\/www.atilimraf.com\/en\/urunler\/stand\/aksesuar-tel-pano-stand\/rotating-stand-accessory-stand\/\" \/>\n<meta property=\"og:site_name\" content=\"Atilim Raf\" \/>\n<meta property=\"article:publisher\" content=\"https:\/\/www.facebook.com\/atilimrafsistemleri\" \/>\n<meta property=\"article:modified_time\" content=\"2026-04-27T19:43:09+00:00\" \/>\n<meta property=\"og:image\" content=\"http:\/\/www.atilimraf.com\/wp-content\/uploads\/2022\/12\/firfir-stand-donerli-stand-orta-bujiteri-stand-taki-askili-17.jpeg\" \/>\n\t<meta property=\"og:image:width\" content=\"1132\" \/>\n\t<meta property=\"og:image:height\" content=\"1864\" \/>\n\t<meta property=\"og:image:type\" content=\"image\/jpeg\" \/>\n<meta name=\"twitter:card\" content=\"summary_large_image\" \/>\n<meta name=\"twitter:site\" content=\"@atilimraf\" \/>\n<meta name=\"twitter:label1\" content=\"Tahmini okuma s\u00fcresi\" \/>\n\t<meta name=\"twitter:data1\" content=\"1 minute\" \/>\n<script type=\"application\/ld+json\" class=\"yoast-schema-graph\">{\"@context\":\"https:\/\/schema.org\",\"@graph\":[{\"@type\":\"WebPage\",\"@id\":\"https:\/\/www.atilimraf.com\/urunler\/stand\/aksesuar-tel-pano-stand\/firfir-stand-aksesuar-stand\/\",\"url\":\"https:\/\/www.atilimraf.com\/urunler\/stand\/aksesuar-tel-pano-stand\/firfir-stand-aksesuar-stand\/\",\"name\":\"F\u0131rf\u0131r Stand - Aksesuar Stand | Atilim Raf\",\"isPartOf\":{\"@id\":\"https:\/\/www.atilimraf.com\/#website\"},\"datePublished\":\"2022-12-21T08:57:41+00:00\",\"dateModified\":\"2026-04-27T19:43:09+00:00\",\"description\":\"F\u0131rf\u0131r Stand - Aksesuar Stand Ma\u011faza d\u0131\u015f\u0131nda veya i\u00e7ersinde ask\u0131l\u0131 \u00fcr\u00fcnler i\u00e7in kullan\u0131labilir. Ask\u0131l\u0131 stand te\u015fhirinde kolayl\u0131k sa\u011flar. Atilim Raf\",\"breadcrumb\":{\"@id\":\"https:\/\/www.atilimraf.com\/urunler\/stand\/aksesuar-tel-pano-stand\/firfir-stand-aksesuar-stand\/#breadcrumb\"},\"inLanguage\":\"tr\",\"potentialAction\":[{\"@type\":\"ReadAction\",\"target\":[\"https:\/\/www.atilimraf.com\/urunler\/stand\/aksesuar-tel-pano-stand\/firfir-stand-aksesuar-stand\/\"]}]},{\"@type\":\"BreadcrumbList\",\"@id\":\"https:\/\/www.atilimraf.com\/urunler\/stand\/aksesuar-tel-pano-stand\/firfir-stand-aksesuar-stand\/#breadcrumb\",\"itemListElement\":[{\"@type\":\"ListItem\",\"position\":1,\"name\":\"Ana Sayfa\",\"item\":\"https:\/\/www.atilimraf.com\/\"},{\"@type\":\"ListItem\",\"position\":2,\"name\":\"\u00dcr\u00fcnler\",\"item\":\"https:\/\/www.atilimraf.com\/urunler\/\"},{\"@type\":\"ListItem\",\"position\":3,\"name\":\"F\u0131rf\u0131r Stand &#8211; Aksesuar Stand\"}]},{\"@type\":\"WebSite\",\"@id\":\"https:\/\/www.atilimraf.com\/#website\",\"url\":\"https:\/\/www.atilimraf.com\/\",\"name\":\"Atilim Raf\",\"description\":\"Ma\u011faza Ekipmanlar\u0131\",\"publisher\":{\"@id\":\"https:\/\/www.atilimraf.com\/#organization\"},\"potentialAction\":[{\"@type\":\"SearchAction\",\"target\":{\"@type\":\"EntryPoint\",\"urlTemplate\":\"https:\/\/www.atilimraf.com\/?s={search_term_string}\"},\"query-input\":\"required name=search_term_string\"}],\"inLanguage\":\"tr\"},{\"@type\":\"Organization\",\"@id\":\"https:\/\/www.atilimraf.com\/#organization\",\"name\":\"At\u0131l\u0131m Raf Sistemleri Sanayi ve Ticaret Limited \u015eirketi\",\"alternateName\":\"At\u0131l\u0131m Raf Sistemleri\",\"url\":\"https:\/\/www.atilimraf.com\/\",\"logo\":{\"@type\":\"ImageObject\",\"inLanguage\":\"tr\",\"@id\":\"https:\/\/www.atilimraf.com\/#\/schema\/logo\/image\/\",\"url\":\"https:\/\/www.atilimraf.com\/wp-content\/uploads\/2022\/10\/DEPO_RAFI_MAGAZA_EKIPMANL__6_-removebg-preview.png\",\"contentUrl\":\"https:\/\/www.atilimraf.com\/wp-content\/uploads\/2022\/10\/DEPO_RAFI_MAGAZA_EKIPMANL__6_-removebg-preview.png\",\"width\":500,\"height\":150,\"caption\":\"At\u0131l\u0131m Raf Sistemleri Sanayi ve Ticaret Limited \u015eirketi\"},\"image\":{\"@id\":\"https:\/\/www.atilimraf.com\/#\/schema\/logo\/image\/\"},\"sameAs\":[\"https:\/\/www.facebook.com\/atilimrafsistemleri\",\"https:\/\/twitter.com\/atilimraf\",\"https:\/\/www.instagram.com\/atilimraf\/\",\"https:\/\/www.linkedin.com\/in\/atilimraf\/\",\"https:\/\/www.youtube.com\/@atilimraf\",\"https:\/\/www.pinterest.es\/atilimraf\/\"]}]}<\/script>\n<!-- \/ Yoast SEO Premium plugin. -->","yoast_head_json":{"title":"F\u0131rf\u0131r Stand - Aksesuar Stand | Atilim Raf","description":"F\u0131rf\u0131r Stand - Aksesuar Stand Ma\u011faza d\u0131\u015f\u0131nda veya i\u00e7ersinde ask\u0131l\u0131 \u00fcr\u00fcnler i\u00e7in kullan\u0131labilir. Ask\u0131l\u0131 stand te\u015fhirinde kolayl\u0131k sa\u011flar. Atilim Raf","robots":{"index":"index","follow":"follow","max-snippet":"max-snippet:-1","max-image-preview":"max-image-preview:large","max-video-preview":"max-video-preview:-1"},"canonical":"https:\/\/www.atilimraf.com\/en\/urunler\/stand\/aksesuar-tel-pano-stand\/rotating-stand-accessory-stand\/","og_locale":"en_US","og_type":"article","og_title":"F\u0131rf\u0131r Stand - Aksesuar Stand","og_description":"F\u0131rf\u0131r Stand - Aksesuar Stand Ma\u011faza d\u0131\u015f\u0131nda veya i\u00e7ersinde ask\u0131l\u0131 \u00fcr\u00fcnler i\u00e7in kullan\u0131labilir. Ask\u0131l\u0131 stand te\u015fhirinde kolayl\u0131k sa\u011flar. Atilim Raf","og_url":"https:\/\/www.atilimraf.com\/en\/urunler\/stand\/aksesuar-tel-pano-stand\/rotating-stand-accessory-stand\/","og_site_name":"Atilim Raf","article_publisher":"https:\/\/www.facebook.com\/atilimrafsistemleri","article_modified_time":"2026-04-27T19:43:09+00:00","og_image":[{"width":1132,"height":1864,"url":"http:\/\/www.atilimraf.com\/wp-content\/uploads\/2022\/12\/firfir-stand-donerli-stand-orta-bujiteri-stand-taki-askili-17.jpeg","type":"image\/jpeg"}],"twitter_card":"summary_large_image","twitter_site":"@atilimraf","twitter_misc":{"Tahmini okuma s\u00fcresi":"1 minute"},"schema":{"@context":"https:\/\/schema.org","@graph":[{"@type":"WebPage","@id":"https:\/\/www.atilimraf.com\/urunler\/stand\/aksesuar-tel-pano-stand\/firfir-stand-aksesuar-stand\/","url":"https:\/\/www.atilimraf.com\/urunler\/stand\/aksesuar-tel-pano-stand\/firfir-stand-aksesuar-stand\/","name":"F\u0131rf\u0131r Stand - Aksesuar Stand | Atilim Raf","isPartOf":{"@id":"https:\/\/www.atilimraf.com\/#website"},"datePublished":"2022-12-21T08:57:41+00:00","dateModified":"2026-04-27T19:43:09+00:00","description":"F\u0131rf\u0131r Stand - Aksesuar Stand Ma\u011faza d\u0131\u015f\u0131nda veya i\u00e7ersinde ask\u0131l\u0131 \u00fcr\u00fcnler i\u00e7in kullan\u0131labilir. Ask\u0131l\u0131 stand te\u015fhirinde kolayl\u0131k sa\u011flar. Atilim Raf","breadcrumb":{"@id":"https:\/\/www.atilimraf.com\/urunler\/stand\/aksesuar-tel-pano-stand\/firfir-stand-aksesuar-stand\/#breadcrumb"},"inLanguage":"tr","potentialAction":[{"@type":"ReadAction","target":["https:\/\/www.atilimraf.com\/urunler\/stand\/aksesuar-tel-pano-stand\/firfir-stand-aksesuar-stand\/"]}]},{"@type":"BreadcrumbList","@id":"https:\/\/www.atilimraf.com\/urunler\/stand\/aksesuar-tel-pano-stand\/firfir-stand-aksesuar-stand\/#breadcrumb","itemListElement":[{"@type":"ListItem","position":1,"name":"Ana Sayfa","item":"https:\/\/www.atilimraf.com\/"},{"@type":"ListItem","position":2,"name":"\u00dcr\u00fcnler","item":"https:\/\/www.atilimraf.com\/urunler\/"},{"@type":"ListItem","position":3,"name":"F\u0131rf\u0131r Stand &#8211; Aksesuar Stand"}]},{"@type":"WebSite","@id":"https:\/\/www.atilimraf.com\/#website","url":"https:\/\/www.atilimraf.com\/","name":"Atilim Raf","description":"Ma\u011faza Ekipmanlar\u0131","publisher":{"@id":"https:\/\/www.atilimraf.com\/#organization"},"potentialAction":[{"@type":"SearchAction","target":{"@type":"EntryPoint","urlTemplate":"https:\/\/www.atilimraf.com\/?s={search_term_string}"},"query-input":"required name=search_term_string"}],"inLanguage":"tr"},{"@type":"Organization","@id":"https:\/\/www.atilimraf.com\/#organization","name":"At\u0131l\u0131m Raf Sistemleri Sanayi ve Ticaret Limited \u015eirketi","alternateName":"At\u0131l\u0131m Raf Sistemleri","url":"https:\/\/www.atilimraf.com\/","logo":{"@type":"ImageObject","inLanguage":"tr","@id":"https:\/\/www.atilimraf.com\/#\/schema\/logo\/image\/","url":"https:\/\/www.atilimraf.com\/wp-content\/uploads\/2022\/10\/DEPO_RAFI_MAGAZA_EKIPMANL__6_-removebg-preview.png","contentUrl":"https:\/\/www.atilimraf.com\/wp-content\/uploads\/2022\/10\/DEPO_RAFI_MAGAZA_EKIPMANL__6_-removebg-preview.png","width":500,"height":150,"caption":"At\u0131l\u0131m Raf Sistemleri Sanayi ve Ticaret Limited \u015eirketi"},"image":{"@id":"https:\/\/www.atilimraf.com\/#\/schema\/logo\/image\/"},"sameAs":["https:\/\/www.facebook.com\/atilimrafsistemleri","https:\/\/twitter.com\/atilimraf","https:\/\/www.instagram.com\/atilimraf\/","https:\/\/www.linkedin.com\/in\/atilimraf\/","https:\/\/www.youtube.com\/@atilimraf","https:\/\/www.pinterest.es\/atilimraf\/"]}]}},"_links":{"self":[{"href":"https:\/\/www.atilimraf.com\/en\/wp-json\/wp\/v2\/product\/1582","targetHints":{"allow":["GET"]}}],"collection":[{"href":"https:\/\/www.atilimraf.com\/en\/wp-json\/wp\/v2\/product"}],"about":[{"href":"https:\/\/www.atilimraf.com\/en\/wp-json\/wp\/v2\/types\/product"}],"wp:featuredmedia":[{"embeddable":true,"href":"https:\/\/www.atilimraf.com\/en\/wp-json\/wp\/v2\/media\/4894"}],"wp:attachment":[{"href":"https:\/\/www.atilimraf.com\/en\/wp-json\/wp\/v2\/media?parent=1582"}],"wp:term":[{"taxonomy":"product_brand","embeddable":true,"href":"https:\/\/www.atilimraf.com\/en\/wp-json\/wp\/v2\/product_brand?post=1582"},{"taxonomy":"product_cat","embeddable":true,"href":"https:\/\/www.atilimraf.com\/en\/wp-json\/wp\/v2\/product_cat?post=1582"},{"taxonomy":"product_tag","embeddable":true,"href":"https:\/\/www.atilimraf.com\/en\/wp-json\/wp\/v2\/product_tag?post=1582"}],"curies":[{"name":"wp","href":"https:\/\/api.w.org\/{rel}","templated":true}]}}