{"id":4040,"date":"2023-08-11T12:39:41","date_gmt":"2023-08-11T12:39:41","guid":{"rendered":"https:\/\/www.atilimraf.com\/?post_type=product&#038;p=4040"},"modified":"2026-02-15T18:31:39","modified_gmt":"2026-02-15T18:31:39","slug":"orta-kazaklik-teli","status":"publish","type":"product","link":"https:\/\/www.atilimraf.com\/en\/urunler\/stand\/aksesuar-tel-pano-stand\/sweater-metal-stand\/","title":{"rendered":"Sweater Metal Stand"},"content":{"rendered":"<p>Sweater Metal Stand<\/p>\n<p>Height: 60 \u2013 70 \u2013 80 \u2013 90 cm<\/p>\n<p>Width : 25 cm<\/p>\n<p>Products can be preferred as chrome plated or electrostatic painted.<\/p>","protected":false},"excerpt":{"rendered":"<p>Orta Kazakl\u0131k Teli Y\u00fckseklik : 60 &#8211; 70 &#8211; 80 &#8211; 90 cm Geni\u015flik : 25 cm \u00dcr\u00fcnler krom kaplama veya elektirostatik boyal\u0131 olarak tercih edilebilir.<\/p>","protected":false},"featured_media":4042,"template":"","meta":{"_joinchat":[]},"product_brand":[],"product_cat":[123],"product_tag":[],"class_list":{"0":"post-4040","1":"product","2":"type-product","3":"status-publish","4":"has-post-thumbnail","6":"product_cat-aksesuar-tel-pano-stand","8":"first","9":"instock","10":"shipping-taxable","11":"product-type-simple"},"yoast_head":"<!-- This site is optimized with the Yoast SEO Premium plugin v20.9 (Yoast SEO v20.9) - https:\/\/yoast.com\/wordpress\/plugins\/seo\/ -->\n<title>Orta Kazakl\u0131k Teli | Atilim Raf<\/title>\n<meta name=\"description\" content=\"Orta Kazakl\u0131k Teli 60 - 70 - 80 - 90 - 100 cm y\u00fckseli\u011finde ve 25 cm geni\u015fli\u011finde krom kaplama veya elektirostatik boyal\u0131 tercih edilebilir. Atilim Raf\" \/>\n<meta name=\"robots\" content=\"index, follow, max-snippet:-1, max-image-preview:large, max-video-preview:-1\" \/>\n<link rel=\"canonical\" href=\"https:\/\/www.atilimraf.com\/en\/urunler\/stand\/aksesuar-tel-pano-stand\/sweater-metal-stand\/\" \/>\n<meta property=\"og:locale\" content=\"en_US\" \/>\n<meta property=\"og:type\" content=\"article\" \/>\n<meta property=\"og:title\" content=\"Orta Kazakl\u0131k Teli\" \/>\n<meta property=\"og:description\" content=\"Orta Kazakl\u0131k Teli 60 - 70 - 80 - 90 - 100 cm y\u00fckseli\u011finde ve 25 cm geni\u015fli\u011finde krom kaplama veya elektirostatik boyal\u0131 tercih edilebilir. Atilim Raf\" \/>\n<meta property=\"og:url\" content=\"https:\/\/www.atilimraf.com\/en\/urunler\/stand\/aksesuar-tel-pano-stand\/sweater-metal-stand\/\" \/>\n<meta property=\"og:site_name\" content=\"Atilim Raf\" \/>\n<meta property=\"article:publisher\" content=\"https:\/\/www.facebook.com\/atilimrafsistemleri\" \/>\n<meta property=\"article:modified_time\" content=\"2026-02-15T18:31:39+00:00\" \/>\n<meta property=\"og:image\" content=\"http:\/\/www.atilimraf.com\/wp-content\/uploads\/2023\/08\/orta-kazaklik-tel-2.jpg\" \/>\n\t<meta property=\"og:image:width\" content=\"500\" \/>\n\t<meta property=\"og:image:height\" content=\"500\" \/>\n\t<meta property=\"og:image:type\" content=\"image\/jpeg\" \/>\n<meta name=\"twitter:card\" content=\"summary_large_image\" \/>\n<meta name=\"twitter:site\" content=\"@atilimraf\" \/>\n<script type=\"application\/ld+json\" class=\"yoast-schema-graph\">{\"@context\":\"https:\/\/schema.org\",\"@graph\":[{\"@type\":\"WebPage\",\"@id\":\"https:\/\/www.atilimraf.com\/urunler\/stand\/aksesuar-tel-pano-stand\/orta-kazaklik-teli\/\",\"url\":\"https:\/\/www.atilimraf.com\/urunler\/stand\/aksesuar-tel-pano-stand\/orta-kazaklik-teli\/\",\"name\":\"Orta Kazakl\u0131k Teli | Atilim Raf\",\"isPartOf\":{\"@id\":\"https:\/\/www.atilimraf.com\/#website\"},\"datePublished\":\"2023-08-11T12:39:41+00:00\",\"dateModified\":\"2026-02-15T18:31:39+00:00\",\"description\":\"Orta Kazakl\u0131k Teli 60 - 70 - 80 - 90 - 100 cm y\u00fckseli\u011finde ve 25 cm geni\u015fli\u011finde krom kaplama veya elektirostatik boyal\u0131 tercih edilebilir. Atilim Raf\",\"breadcrumb\":{\"@id\":\"https:\/\/www.atilimraf.com\/urunler\/stand\/aksesuar-tel-pano-stand\/orta-kazaklik-teli\/#breadcrumb\"},\"inLanguage\":\"tr\",\"potentialAction\":[{\"@type\":\"ReadAction\",\"target\":[\"https:\/\/www.atilimraf.com\/urunler\/stand\/aksesuar-tel-pano-stand\/orta-kazaklik-teli\/\"]}]},{\"@type\":\"BreadcrumbList\",\"@id\":\"https:\/\/www.atilimraf.com\/urunler\/stand\/aksesuar-tel-pano-stand\/orta-kazaklik-teli\/#breadcrumb\",\"itemListElement\":[{\"@type\":\"ListItem\",\"position\":1,\"name\":\"Ana Sayfa\",\"item\":\"https:\/\/www.atilimraf.com\/\"},{\"@type\":\"ListItem\",\"position\":2,\"name\":\"\u00dcr\u00fcnler\",\"item\":\"https:\/\/www.atilimraf.com\/urunler\/\"},{\"@type\":\"ListItem\",\"position\":3,\"name\":\"Orta Kazakl\u0131k Teli\"}]},{\"@type\":\"WebSite\",\"@id\":\"https:\/\/www.atilimraf.com\/#website\",\"url\":\"https:\/\/www.atilimraf.com\/\",\"name\":\"Atilim Raf\",\"description\":\"Ma\u011faza Ekipmanlar\u0131\",\"publisher\":{\"@id\":\"https:\/\/www.atilimraf.com\/#organization\"},\"potentialAction\":[{\"@type\":\"SearchAction\",\"target\":{\"@type\":\"EntryPoint\",\"urlTemplate\":\"https:\/\/www.atilimraf.com\/?s={search_term_string}\"},\"query-input\":\"required name=search_term_string\"}],\"inLanguage\":\"tr\"},{\"@type\":\"Organization\",\"@id\":\"https:\/\/www.atilimraf.com\/#organization\",\"name\":\"At\u0131l\u0131m Raf Sistemleri Sanayi ve Ticaret Limited \u015eirketi\",\"alternateName\":\"At\u0131l\u0131m Raf Sistemleri\",\"url\":\"https:\/\/www.atilimraf.com\/\",\"logo\":{\"@type\":\"ImageObject\",\"inLanguage\":\"tr\",\"@id\":\"https:\/\/www.atilimraf.com\/#\/schema\/logo\/image\/\",\"url\":\"https:\/\/www.atilimraf.com\/wp-content\/uploads\/2022\/10\/DEPO_RAFI_MAGAZA_EKIPMANL__6_-removebg-preview.png\",\"contentUrl\":\"https:\/\/www.atilimraf.com\/wp-content\/uploads\/2022\/10\/DEPO_RAFI_MAGAZA_EKIPMANL__6_-removebg-preview.png\",\"width\":500,\"height\":150,\"caption\":\"At\u0131l\u0131m Raf Sistemleri Sanayi ve Ticaret Limited \u015eirketi\"},\"image\":{\"@id\":\"https:\/\/www.atilimraf.com\/#\/schema\/logo\/image\/\"},\"sameAs\":[\"https:\/\/www.facebook.com\/atilimrafsistemleri\",\"https:\/\/twitter.com\/atilimraf\",\"https:\/\/www.instagram.com\/atilimraf\/\",\"https:\/\/www.linkedin.com\/in\/atilimraf\/\",\"https:\/\/www.youtube.com\/@atilimraf\",\"https:\/\/www.pinterest.es\/atilimraf\/\"]}]}<\/script>\n<!-- \/ Yoast SEO Premium plugin. -->","yoast_head_json":{"title":"Orta Kazakl\u0131k Teli | Atilim Raf","description":"Orta Kazakl\u0131k Teli 60 - 70 - 80 - 90 - 100 cm y\u00fckseli\u011finde ve 25 cm geni\u015fli\u011finde krom kaplama veya elektirostatik boyal\u0131 tercih edilebilir. Atilim Raf","robots":{"index":"index","follow":"follow","max-snippet":"max-snippet:-1","max-image-preview":"max-image-preview:large","max-video-preview":"max-video-preview:-1"},"canonical":"https:\/\/www.atilimraf.com\/en\/urunler\/stand\/aksesuar-tel-pano-stand\/sweater-metal-stand\/","og_locale":"en_US","og_type":"article","og_title":"Orta Kazakl\u0131k Teli","og_description":"Orta Kazakl\u0131k Teli 60 - 70 - 80 - 90 - 100 cm y\u00fckseli\u011finde ve 25 cm geni\u015fli\u011finde krom kaplama veya elektirostatik boyal\u0131 tercih edilebilir. Atilim Raf","og_url":"https:\/\/www.atilimraf.com\/en\/urunler\/stand\/aksesuar-tel-pano-stand\/sweater-metal-stand\/","og_site_name":"Atilim Raf","article_publisher":"https:\/\/www.facebook.com\/atilimrafsistemleri","article_modified_time":"2026-02-15T18:31:39+00:00","og_image":[{"width":500,"height":500,"url":"http:\/\/www.atilimraf.com\/wp-content\/uploads\/2023\/08\/orta-kazaklik-tel-2.jpg","type":"image\/jpeg"}],"twitter_card":"summary_large_image","twitter_site":"@atilimraf","schema":{"@context":"https:\/\/schema.org","@graph":[{"@type":"WebPage","@id":"https:\/\/www.atilimraf.com\/urunler\/stand\/aksesuar-tel-pano-stand\/orta-kazaklik-teli\/","url":"https:\/\/www.atilimraf.com\/urunler\/stand\/aksesuar-tel-pano-stand\/orta-kazaklik-teli\/","name":"Orta Kazakl\u0131k Teli | Atilim Raf","isPartOf":{"@id":"https:\/\/www.atilimraf.com\/#website"},"datePublished":"2023-08-11T12:39:41+00:00","dateModified":"2026-02-15T18:31:39+00:00","description":"Orta Kazakl\u0131k Teli 60 - 70 - 80 - 90 - 100 cm y\u00fckseli\u011finde ve 25 cm geni\u015fli\u011finde krom kaplama veya elektirostatik boyal\u0131 tercih edilebilir. Atilim Raf","breadcrumb":{"@id":"https:\/\/www.atilimraf.com\/urunler\/stand\/aksesuar-tel-pano-stand\/orta-kazaklik-teli\/#breadcrumb"},"inLanguage":"tr","potentialAction":[{"@type":"ReadAction","target":["https:\/\/www.atilimraf.com\/urunler\/stand\/aksesuar-tel-pano-stand\/orta-kazaklik-teli\/"]}]},{"@type":"BreadcrumbList","@id":"https:\/\/www.atilimraf.com\/urunler\/stand\/aksesuar-tel-pano-stand\/orta-kazaklik-teli\/#breadcrumb","itemListElement":[{"@type":"ListItem","position":1,"name":"Ana Sayfa","item":"https:\/\/www.atilimraf.com\/"},{"@type":"ListItem","position":2,"name":"\u00dcr\u00fcnler","item":"https:\/\/www.atilimraf.com\/urunler\/"},{"@type":"ListItem","position":3,"name":"Orta Kazakl\u0131k Teli"}]},{"@type":"WebSite","@id":"https:\/\/www.atilimraf.com\/#website","url":"https:\/\/www.atilimraf.com\/","name":"Atilim Raf","description":"Ma\u011faza Ekipmanlar\u0131","publisher":{"@id":"https:\/\/www.atilimraf.com\/#organization"},"potentialAction":[{"@type":"SearchAction","target":{"@type":"EntryPoint","urlTemplate":"https:\/\/www.atilimraf.com\/?s={search_term_string}"},"query-input":"required name=search_term_string"}],"inLanguage":"tr"},{"@type":"Organization","@id":"https:\/\/www.atilimraf.com\/#organization","name":"At\u0131l\u0131m Raf Sistemleri Sanayi ve Ticaret Limited \u015eirketi","alternateName":"At\u0131l\u0131m Raf Sistemleri","url":"https:\/\/www.atilimraf.com\/","logo":{"@type":"ImageObject","inLanguage":"tr","@id":"https:\/\/www.atilimraf.com\/#\/schema\/logo\/image\/","url":"https:\/\/www.atilimraf.com\/wp-content\/uploads\/2022\/10\/DEPO_RAFI_MAGAZA_EKIPMANL__6_-removebg-preview.png","contentUrl":"https:\/\/www.atilimraf.com\/wp-content\/uploads\/2022\/10\/DEPO_RAFI_MAGAZA_EKIPMANL__6_-removebg-preview.png","width":500,"height":150,"caption":"At\u0131l\u0131m Raf Sistemleri Sanayi ve Ticaret Limited \u015eirketi"},"image":{"@id":"https:\/\/www.atilimraf.com\/#\/schema\/logo\/image\/"},"sameAs":["https:\/\/www.facebook.com\/atilimrafsistemleri","https:\/\/twitter.com\/atilimraf","https:\/\/www.instagram.com\/atilimraf\/","https:\/\/www.linkedin.com\/in\/atilimraf\/","https:\/\/www.youtube.com\/@atilimraf","https:\/\/www.pinterest.es\/atilimraf\/"]}]}},"_links":{"self":[{"href":"https:\/\/www.atilimraf.com\/en\/wp-json\/wp\/v2\/product\/4040","targetHints":{"allow":["GET"]}}],"collection":[{"href":"https:\/\/www.atilimraf.com\/en\/wp-json\/wp\/v2\/product"}],"about":[{"href":"https:\/\/www.atilimraf.com\/en\/wp-json\/wp\/v2\/types\/product"}],"wp:featuredmedia":[{"embeddable":true,"href":"https:\/\/www.atilimraf.com\/en\/wp-json\/wp\/v2\/media\/4042"}],"wp:attachment":[{"href":"https:\/\/www.atilimraf.com\/en\/wp-json\/wp\/v2\/media?parent=4040"}],"wp:term":[{"taxonomy":"product_brand","embeddable":true,"href":"https:\/\/www.atilimraf.com\/en\/wp-json\/wp\/v2\/product_brand?post=4040"},{"taxonomy":"product_cat","embeddable":true,"href":"https:\/\/www.atilimraf.com\/en\/wp-json\/wp\/v2\/product_cat?post=4040"},{"taxonomy":"product_tag","embeddable":true,"href":"https:\/\/www.atilimraf.com\/en\/wp-json\/wp\/v2\/product_tag?post=4040"}],"curies":[{"name":"wp","href":"https:\/\/api.w.org\/{rel}","templated":true}]}}