{"id":4895,"date":"2026-05-09T08:53:02","date_gmt":"2026-05-09T08:53:02","guid":{"rendered":"https:\/\/www.atilimraf.com\/?post_type=product&#038;p=4895"},"modified":"2026-05-09T08:54:46","modified_gmt":"2026-05-09T08:54:46","slug":"masaustu-ayarlanabilir-canta-standi","status":"publish","type":"product","link":"https:\/\/www.atilimraf.com\/en\/urunler\/stand\/aksesuar-tel-pano-stand\/masaustu-ayarlanabilir-canta-standi\/","title":{"rendered":"Masa\u00fcst\u00fc Ayarlanabilir \u00c7anta Stand\u0131"},"content":{"rendered":"<p>MASA\u00dcST\u00dc AYARLANAB\u0130L\u0130R \u00c7ANTA STANDI<\/p>\n<ul>\n<li>Y\u00fcksekli\u011fi 40-70 cm ayarl\u0131d\u0131r.<\/li>\n<li>Sac tablas\u0131 3 mm kal\u0131nl\u0131\u011f\u0131ndad\u0131r<\/li>\n<li>\u00c7anta sergilemek i\u00e7in kullan\u0131l\u0131r<\/li>\n<li>Krom kaplama<\/li>\n<\/ul>","protected":false},"excerpt":{"rendered":"<p>MASA\u00dcST\u00dc AYARLANAB\u0130L\u0130R \u00c7ANTA STANDI Y\u00fcksekli\u011fi 40-70 cm ayarl\u0131d\u0131r. Sac tablas\u0131 3 mm kal\u0131nl\u0131\u011f\u0131ndad\u0131r \u00c7anta sergilemek i\u00e7in kullan\u0131l\u0131r Krom kaplama<\/p>","protected":false},"featured_media":4898,"template":"","meta":{"_joinchat":[]},"product_brand":[],"product_cat":[123],"product_tag":[755,753,754],"class_list":{"0":"post-4895","1":"product","2":"type-product","3":"status-publish","4":"has-post-thumbnail","6":"product_cat-aksesuar-tel-pano-stand","7":"product_tag-canta-stand","8":"product_tag-cantalik","9":"product_tag-masaustu-stand","11":"first","12":"instock","13":"shipping-taxable","14":"product-type-simple"},"yoast_head":"<!-- This site is optimized with the Yoast SEO Premium plugin v20.9 (Yoast SEO v20.9) - https:\/\/yoast.com\/wordpress\/plugins\/seo\/ -->\n<title>Masa\u00fcst\u00fc Ayarlanabilir \u00c7anta Stand\u0131 | Atilim Raf<\/title>\n<meta name=\"description\" content=\"Masa\u00fcst\u00fc Ayarlanabilir \u00c7anta Stand \u00fcr\u00fcnler kromla kaplama y\u00fckseklik ayarl\u0131 \u00e7anta stand\u0131 Atilim Raf 0212 771 33 80\" \/>\n<meta name=\"robots\" content=\"index, follow, max-snippet:-1, max-image-preview:large, max-video-preview:-1\" \/>\n<link rel=\"canonical\" href=\"https:\/\/www.atilimraf.com\/en\/urunler\/stand\/aksesuar-tel-pano-stand\/masaustu-ayarlanabilir-canta-standi\/\" \/>\n<meta property=\"og:locale\" content=\"en_US\" \/>\n<meta property=\"og:type\" content=\"article\" \/>\n<meta property=\"og:title\" content=\"Masa\u00fcst\u00fc Ayarlanabilir \u00c7anta Stand\u0131\" \/>\n<meta property=\"og:description\" content=\"Masa\u00fcst\u00fc Ayarlanabilir \u00c7anta Stand \u00fcr\u00fcnler kromla kaplama y\u00fckseklik ayarl\u0131 \u00e7anta stand\u0131 Atilim Raf 0212 771 33 80\" \/>\n<meta property=\"og:url\" content=\"https:\/\/www.atilimraf.com\/en\/urunler\/stand\/aksesuar-tel-pano-stand\/masaustu-ayarlanabilir-canta-standi\/\" \/>\n<meta property=\"og:site_name\" content=\"Atilim Raf\" \/>\n<meta property=\"article:publisher\" content=\"https:\/\/www.facebook.com\/atilimrafsistemleri\" \/>\n<meta property=\"article:modified_time\" content=\"2026-05-09T08:54:46+00:00\" \/>\n<meta property=\"og:image\" content=\"http:\/\/www.atilimraf.com\/wp-content\/uploads\/2026\/05\/CANTALIK-STAND-CANTA-STAND-_1_.webp\" \/>\n\t<meta property=\"og:image:width\" content=\"560\" \/>\n\t<meta property=\"og:image:height\" content=\"723\" \/>\n\t<meta property=\"og:image:type\" content=\"image\/webp\" \/>\n<meta name=\"twitter:card\" content=\"summary_large_image\" \/>\n<meta name=\"twitter:site\" content=\"@atilimraf\" \/>\n<meta name=\"twitter:label1\" content=\"Tahmini okuma s\u00fcresi\" \/>\n\t<meta name=\"twitter:data1\" content=\"1 minute\" \/>\n<script type=\"application\/ld+json\" class=\"yoast-schema-graph\">{\"@context\":\"https:\/\/schema.org\",\"@graph\":[{\"@type\":\"WebPage\",\"@id\":\"https:\/\/www.atilimraf.com\/urunler\/stand\/aksesuar-tel-pano-stand\/masaustu-ayarlanabilir-canta-standi\/\",\"url\":\"https:\/\/www.atilimraf.com\/urunler\/stand\/aksesuar-tel-pano-stand\/masaustu-ayarlanabilir-canta-standi\/\",\"name\":\"Masa\u00fcst\u00fc Ayarlanabilir \u00c7anta Stand\u0131 | Atilim Raf\",\"isPartOf\":{\"@id\":\"https:\/\/www.atilimraf.com\/#website\"},\"datePublished\":\"2026-05-09T08:53:02+00:00\",\"dateModified\":\"2026-05-09T08:54:46+00:00\",\"description\":\"Masa\u00fcst\u00fc Ayarlanabilir \u00c7anta Stand \u00fcr\u00fcnler kromla kaplama y\u00fckseklik ayarl\u0131 \u00e7anta stand\u0131 Atilim Raf 0212 771 33 80\",\"breadcrumb\":{\"@id\":\"https:\/\/www.atilimraf.com\/urunler\/stand\/aksesuar-tel-pano-stand\/masaustu-ayarlanabilir-canta-standi\/#breadcrumb\"},\"inLanguage\":\"tr\",\"potentialAction\":[{\"@type\":\"ReadAction\",\"target\":[\"https:\/\/www.atilimraf.com\/urunler\/stand\/aksesuar-tel-pano-stand\/masaustu-ayarlanabilir-canta-standi\/\"]}]},{\"@type\":\"BreadcrumbList\",\"@id\":\"https:\/\/www.atilimraf.com\/urunler\/stand\/aksesuar-tel-pano-stand\/masaustu-ayarlanabilir-canta-standi\/#breadcrumb\",\"itemListElement\":[{\"@type\":\"ListItem\",\"position\":1,\"name\":\"Ana Sayfa\",\"item\":\"https:\/\/www.atilimraf.com\/\"},{\"@type\":\"ListItem\",\"position\":2,\"name\":\"\u00dcr\u00fcnler\",\"item\":\"https:\/\/www.atilimraf.com\/urunler\/\"},{\"@type\":\"ListItem\",\"position\":3,\"name\":\"Masa\u00fcst\u00fc Ayarlanabilir \u00c7anta Stand\u0131\"}]},{\"@type\":\"WebSite\",\"@id\":\"https:\/\/www.atilimraf.com\/#website\",\"url\":\"https:\/\/www.atilimraf.com\/\",\"name\":\"Atilim Raf\",\"description\":\"Ma\u011faza Ekipmanlar\u0131\",\"publisher\":{\"@id\":\"https:\/\/www.atilimraf.com\/#organization\"},\"potentialAction\":[{\"@type\":\"SearchAction\",\"target\":{\"@type\":\"EntryPoint\",\"urlTemplate\":\"https:\/\/www.atilimraf.com\/?s={search_term_string}\"},\"query-input\":\"required name=search_term_string\"}],\"inLanguage\":\"tr\"},{\"@type\":\"Organization\",\"@id\":\"https:\/\/www.atilimraf.com\/#organization\",\"name\":\"At\u0131l\u0131m Raf Sistemleri Sanayi ve Ticaret Limited \u015eirketi\",\"alternateName\":\"At\u0131l\u0131m Raf Sistemleri\",\"url\":\"https:\/\/www.atilimraf.com\/\",\"logo\":{\"@type\":\"ImageObject\",\"inLanguage\":\"tr\",\"@id\":\"https:\/\/www.atilimraf.com\/#\/schema\/logo\/image\/\",\"url\":\"https:\/\/www.atilimraf.com\/wp-content\/uploads\/2022\/10\/DEPO_RAFI_MAGAZA_EKIPMANL__6_-removebg-preview.png\",\"contentUrl\":\"https:\/\/www.atilimraf.com\/wp-content\/uploads\/2022\/10\/DEPO_RAFI_MAGAZA_EKIPMANL__6_-removebg-preview.png\",\"width\":500,\"height\":150,\"caption\":\"At\u0131l\u0131m Raf Sistemleri Sanayi ve Ticaret Limited \u015eirketi\"},\"image\":{\"@id\":\"https:\/\/www.atilimraf.com\/#\/schema\/logo\/image\/\"},\"sameAs\":[\"https:\/\/www.facebook.com\/atilimrafsistemleri\",\"https:\/\/twitter.com\/atilimraf\",\"https:\/\/www.instagram.com\/atilimraf\/\",\"https:\/\/www.linkedin.com\/in\/atilimraf\/\",\"https:\/\/www.youtube.com\/@atilimraf\",\"https:\/\/www.pinterest.es\/atilimraf\/\"]}]}<\/script>\n<!-- \/ Yoast SEO Premium plugin. -->","yoast_head_json":{"title":"Masa\u00fcst\u00fc Ayarlanabilir \u00c7anta Stand\u0131 | Atilim Raf","description":"Masa\u00fcst\u00fc Ayarlanabilir \u00c7anta Stand \u00fcr\u00fcnler kromla kaplama y\u00fckseklik ayarl\u0131 \u00e7anta stand\u0131 Atilim Raf 0212 771 33 80","robots":{"index":"index","follow":"follow","max-snippet":"max-snippet:-1","max-image-preview":"max-image-preview:large","max-video-preview":"max-video-preview:-1"},"canonical":"https:\/\/www.atilimraf.com\/en\/urunler\/stand\/aksesuar-tel-pano-stand\/masaustu-ayarlanabilir-canta-standi\/","og_locale":"en_US","og_type":"article","og_title":"Masa\u00fcst\u00fc Ayarlanabilir \u00c7anta Stand\u0131","og_description":"Masa\u00fcst\u00fc Ayarlanabilir \u00c7anta Stand \u00fcr\u00fcnler kromla kaplama y\u00fckseklik ayarl\u0131 \u00e7anta stand\u0131 Atilim Raf 0212 771 33 80","og_url":"https:\/\/www.atilimraf.com\/en\/urunler\/stand\/aksesuar-tel-pano-stand\/masaustu-ayarlanabilir-canta-standi\/","og_site_name":"Atilim Raf","article_publisher":"https:\/\/www.facebook.com\/atilimrafsistemleri","article_modified_time":"2026-05-09T08:54:46+00:00","og_image":[{"width":560,"height":723,"url":"http:\/\/www.atilimraf.com\/wp-content\/uploads\/2026\/05\/CANTALIK-STAND-CANTA-STAND-_1_.webp","type":"image\/webp"}],"twitter_card":"summary_large_image","twitter_site":"@atilimraf","twitter_misc":{"Tahmini okuma s\u00fcresi":"1 minute"},"schema":{"@context":"https:\/\/schema.org","@graph":[{"@type":"WebPage","@id":"https:\/\/www.atilimraf.com\/urunler\/stand\/aksesuar-tel-pano-stand\/masaustu-ayarlanabilir-canta-standi\/","url":"https:\/\/www.atilimraf.com\/urunler\/stand\/aksesuar-tel-pano-stand\/masaustu-ayarlanabilir-canta-standi\/","name":"Masa\u00fcst\u00fc Ayarlanabilir \u00c7anta Stand\u0131 | Atilim Raf","isPartOf":{"@id":"https:\/\/www.atilimraf.com\/#website"},"datePublished":"2026-05-09T08:53:02+00:00","dateModified":"2026-05-09T08:54:46+00:00","description":"Masa\u00fcst\u00fc Ayarlanabilir \u00c7anta Stand \u00fcr\u00fcnler kromla kaplama y\u00fckseklik ayarl\u0131 \u00e7anta stand\u0131 Atilim Raf 0212 771 33 80","breadcrumb":{"@id":"https:\/\/www.atilimraf.com\/urunler\/stand\/aksesuar-tel-pano-stand\/masaustu-ayarlanabilir-canta-standi\/#breadcrumb"},"inLanguage":"tr","potentialAction":[{"@type":"ReadAction","target":["https:\/\/www.atilimraf.com\/urunler\/stand\/aksesuar-tel-pano-stand\/masaustu-ayarlanabilir-canta-standi\/"]}]},{"@type":"BreadcrumbList","@id":"https:\/\/www.atilimraf.com\/urunler\/stand\/aksesuar-tel-pano-stand\/masaustu-ayarlanabilir-canta-standi\/#breadcrumb","itemListElement":[{"@type":"ListItem","position":1,"name":"Ana Sayfa","item":"https:\/\/www.atilimraf.com\/"},{"@type":"ListItem","position":2,"name":"\u00dcr\u00fcnler","item":"https:\/\/www.atilimraf.com\/urunler\/"},{"@type":"ListItem","position":3,"name":"Masa\u00fcst\u00fc Ayarlanabilir \u00c7anta Stand\u0131"}]},{"@type":"WebSite","@id":"https:\/\/www.atilimraf.com\/#website","url":"https:\/\/www.atilimraf.com\/","name":"Atilim Raf","description":"Ma\u011faza Ekipmanlar\u0131","publisher":{"@id":"https:\/\/www.atilimraf.com\/#organization"},"potentialAction":[{"@type":"SearchAction","target":{"@type":"EntryPoint","urlTemplate":"https:\/\/www.atilimraf.com\/?s={search_term_string}"},"query-input":"required name=search_term_string"}],"inLanguage":"tr"},{"@type":"Organization","@id":"https:\/\/www.atilimraf.com\/#organization","name":"At\u0131l\u0131m Raf Sistemleri Sanayi ve Ticaret Limited \u015eirketi","alternateName":"At\u0131l\u0131m Raf Sistemleri","url":"https:\/\/www.atilimraf.com\/","logo":{"@type":"ImageObject","inLanguage":"tr","@id":"https:\/\/www.atilimraf.com\/#\/schema\/logo\/image\/","url":"https:\/\/www.atilimraf.com\/wp-content\/uploads\/2022\/10\/DEPO_RAFI_MAGAZA_EKIPMANL__6_-removebg-preview.png","contentUrl":"https:\/\/www.atilimraf.com\/wp-content\/uploads\/2022\/10\/DEPO_RAFI_MAGAZA_EKIPMANL__6_-removebg-preview.png","width":500,"height":150,"caption":"At\u0131l\u0131m Raf Sistemleri Sanayi ve Ticaret Limited \u015eirketi"},"image":{"@id":"https:\/\/www.atilimraf.com\/#\/schema\/logo\/image\/"},"sameAs":["https:\/\/www.facebook.com\/atilimrafsistemleri","https:\/\/twitter.com\/atilimraf","https:\/\/www.instagram.com\/atilimraf\/","https:\/\/www.linkedin.com\/in\/atilimraf\/","https:\/\/www.youtube.com\/@atilimraf","https:\/\/www.pinterest.es\/atilimraf\/"]}]}},"_links":{"self":[{"href":"https:\/\/www.atilimraf.com\/en\/wp-json\/wp\/v2\/product\/4895","targetHints":{"allow":["GET"]}}],"collection":[{"href":"https:\/\/www.atilimraf.com\/en\/wp-json\/wp\/v2\/product"}],"about":[{"href":"https:\/\/www.atilimraf.com\/en\/wp-json\/wp\/v2\/types\/product"}],"wp:featuredmedia":[{"embeddable":true,"href":"https:\/\/www.atilimraf.com\/en\/wp-json\/wp\/v2\/media\/4898"}],"wp:attachment":[{"href":"https:\/\/www.atilimraf.com\/en\/wp-json\/wp\/v2\/media?parent=4895"}],"wp:term":[{"taxonomy":"product_brand","embeddable":true,"href":"https:\/\/www.atilimraf.com\/en\/wp-json\/wp\/v2\/product_brand?post=4895"},{"taxonomy":"product_cat","embeddable":true,"href":"https:\/\/www.atilimraf.com\/en\/wp-json\/wp\/v2\/product_cat?post=4895"},{"taxonomy":"product_tag","embeddable":true,"href":"https:\/\/www.atilimraf.com\/en\/wp-json\/wp\/v2\/product_tag?post=4895"}],"curies":[{"name":"wp","href":"https:\/\/api.w.org\/{rel}","templated":true}]}}